{"id":1242,"date":"2020-12-03T19:55:29","date_gmt":"2020-12-03T18:55:29","guid":{"rendered":"https:\/\/www.zav-rt-tue.de\/?page_id=1242"},"modified":"2026-03-25T17:31:01","modified_gmt":"2026-03-25T16:31:01","slug":"oeffentl-bekanntmachungen","status":"publish","type":"page","link":"https:\/\/www.zav-rt-tue.de\/?page_id=1242","title":{"rendered":"\u00d6ffentl. Bekanntmachungen"},"content":{"rendered":"<p>[et_pb_section fb_built=&#8220;1&#8243; _builder_version=&#8220;4.23.1&#8243; min_height=&#8220;765.8px&#8220; custom_padding=&#8220;||61px|||&#8220; border_radii=&#8220;off||||&#8220; global_colors_info=&#8220;{}&#8220;][et_pb_row use_custom_gutter=&#8220;on&#8220; _builder_version=&#8220;4.16&#8243; width=&#8220;100%&#8220; min_height=&#8220;115px&#8220; global_colors_info=&#8220;{}&#8220;][et_pb_column type=&#8220;4_4&#8243; _builder_version=&#8220;4.16&#8243; custom_padding=&#8220;|||&#8220; global_colors_info=&#8220;{}&#8220; custom_padding__hover=&#8220;|||&#8220;][et_pb_blurb title=&#8220;\u00d6ffentliche Bekanntmachungen&#8220; content_max_width=&#8220;1100px&#8220; _builder_version=&#8220;4.27.6&#8243; header_level=&#8220;h1&#8243; header_line_height=&#8220;1.3em&#8220; global_colors_info=&#8220;{}&#8220;]<\/p>\n<h2><strong><span style=\"font-size: x-large;\">Unter dieser Rubrik finden Sie die \u00f6ffentlichen Bekanntmachungen des Zweckverbands Abfallverwertung Reutlingen\/T\u00fcbingen<\/span><\/strong><\/h2>\n<p>[\/et_pb_blurb][\/et_pb_column][\/et_pb_row][et_pb_row _builder_version=&#8220;4.16&#8243; _module_preset=&#8220;default&#8220; min_height=&#8220;18.8px&#8220; custom_margin=&#8220;39px|auto||auto||&#8220; global_colors_info=&#8220;{}&#8220;][et_pb_column type=&#8220;4_4&#8243; _builder_version=&#8220;4.16&#8243; _module_preset=&#8220;default&#8220; global_colors_info=&#8220;{}&#8220;][et_pb_accordion _builder_version=&#8220;4.27.6&#8243; _module_preset=&#8220;default&#8220; min_height=&#8220;120.4px&#8220; hover_enabled=&#8220;0&#8243; global_colors_info=&#8220;{}&#8220; sticky_enabled=&#8220;0&#8243;][et_pb_accordion_item title=&#8220;Pressemitteilungen&#8220; open=&#8220;on&#8220; _builder_version=&#8220;4.27.6&#8243; _module_preset=&#8220;default&#8220; hover_enabled=&#8220;0&#8243; global_colors_info=&#8220;{}&#8220; sticky_enabled=&#8220;0&#8243;]<\/p>\n<p><span style=\"font-size: large;\">Ab dem 01.01.2024 gelten Zweckverband Abfallverwertung Reutlingen &#8211; T\u00fcbingen neue Abfallgeb\u00fchren. <\/span><\/p>\n<p><span style=\"font-size: large;\">Weiteres siehe<\/span><span style=\"font-size: large;\"> <a href=\"https:\/\/www.zav-rt-tue.de\/wp-content\/uploads\/2026\/03\/PM-Neue-Abfallgebuehren-.pdf\" rel=\"attachment noopener wp-att-2828\" target=\"_blank\">Pressemitteilung vom 21.11.2023<\/a>.<\/span><span style=\"font-size: large;\"><br \/><\/span><\/p>\n<h5><\/h5>\n<p>[\/et_pb_accordion_item][\/et_pb_accordion][\/et_pb_column][\/et_pb_row][et_pb_row _builder_version=&#8220;4.23.1&#8243; _module_preset=&#8220;default&#8220; min_height=&#8220;79.8px&#8220; custom_margin=&#8220;39px|auto||auto||&#8220; global_colors_info=&#8220;{}&#8220;][et_pb_column type=&#8220;4_4&#8243; _builder_version=&#8220;4.16&#8243; _module_preset=&#8220;default&#8220; global_colors_info=&#8220;{}&#8220;][et_pb_accordion _builder_version=&#8220;4.27.6&#8243; _module_preset=&#8220;default&#8220; min_height=&#8220;105.4px&#8220; hover_enabled=&#8220;0&#8243; global_colors_info=&#8220;{}&#8220; sticky_enabled=&#8220;0&#8243;][et_pb_accordion_item title=&#8220;Auftragsbekanntgaben des ZAV&#8220; open=&#8220;on&#8220; _builder_version=&#8220;4.27.6&#8243; _module_preset=&#8220;default&#8220; hover_enabled=&#8220;0&#8243; global_colors_info=&#8220;{}&#8220; sticky_enabled=&#8220;0&#8243;]<\/p>\n<p><a href=\"https:\/\/www.zav-rt-tue.de\/wp-content\/uploads\/2026\/03\/Auftragbekanntmachung-Werkstattwagen.pdf\" rel=\"attachment noopener wp-att-3628\" target=\"_blank\">Auftragbekanntmachung Werkstattwagen <\/a><\/p>\n<p><a href=\"https:\/\/www.zav-rt-tue.de\/wp-content\/uploads\/2026\/03\/Auftragbekanntmachung-Deponiekanal-2026.pdf\" rel=\"attachment noopener wp-att-3629\" target=\"_blank\">Auftragbekanntmachung Deponiekanal 2026<\/a><\/p>\n<p>[\/et_pb_accordion_item][\/et_pb_accordion][\/et_pb_column][\/et_pb_row][et_pb_row _builder_version=&#8220;4.23.1&#8243; _module_preset=&#8220;default&#8220; min_height=&#8220;81.8px&#8220; custom_margin=&#8220;39px|auto|58px|auto||&#8220; global_colors_info=&#8220;{}&#8220;][et_pb_column type=&#8220;4_4&#8243; _builder_version=&#8220;4.16&#8243; _module_preset=&#8220;default&#8220; global_colors_info=&#8220;{}&#8220;][et_pb_accordion _builder_version=&#8220;4.27.6&#8243; _module_preset=&#8220;default&#8220; min_height=&#8220;129.4px&#8220; custom_margin=&#8220;||-25px|||&#8220; hover_enabled=&#8220;0&#8243; global_colors_info=&#8220;{}&#8220; sticky_enabled=&#8220;0&#8243;][et_pb_accordion_item title=&#8220;Bekanntgaben des ZAV&#8220; open=&#8220;on&#8220; _builder_version=&#8220;4.27.6&#8243; _module_preset=&#8220;default&#8220; hover_enabled=&#8220;0&#8243; global_colors_info=&#8220;{}&#8220; sticky_enabled=&#8220;0&#8243;]<\/p>\n<p><span style=\"font-size: large;\"><\/span><span style=\"font-size: large;\"><a href=\"https:\/\/www.zav-rt-tue.de\/wp-content\/uploads\/2026\/03\/Bekanntmachung-Jahresabschluss-2024.pdf\" rel=\"attachment noopener wp-att-3663\" target=\"_blank\">Bekanntmachung Jahresabschluss 2024<\/a><\/span><\/p>\n<p><span style=\"font-size: large;\">Ab dem 01.05.2024 gilt die aktualisierte <a href=\"https:\/\/www.zav-rt-tue.de\/wp-content\/uploads\/2026\/03\/Benutzungsordnung-20240501.pdf\" rel=\"attachment noopener wp-att-3019\" target=\"_blank\">Benutzungsordnung<\/a> des ZAV.<\/span><\/p>\n<p><span style=\"font-size: large;\">Ab dem 21.11.2024 gilt die<\/span><span style=\"font-size: large;\"><a href=\"https:\/\/www.zav-rt-tue.de\/wp-content\/uploads\/2024\/11\/255_Anl.1_Aenderungssatzung-zur-Zweckverbandssatzung.pdf\" rel=\"attachment wp-att-3239\">\u00a0<\/a><a href=\"https:\/\/www.zav-rt-tue.de\/wp-content\/uploads\/2026\/03\/Satzung-zur-Aenderung-der-Zweckverbandssatzung.pdf\" rel=\"attachment noopener wp-att-3386\" target=\"_blank\">\u00c4nderungssatzung zur Zweckverbandssatzung<\/a><a href=\"https:\/\/www.zav-rt-tue.de\/wp-content\/uploads\/2024\/11\/255_Anl.1_Aenderungssatzung-zur-Zweckverbandssatzung.pdf\" rel=\"attachment wp-att-3239\"><\/a><\/span><\/p>\n<p><span style=\"font-size: large;\"><a href=\"https:\/\/www.zav-rt-tue.de\/wp-content\/uploads\/2026\/03\/Genehmigung-Aenderung-Zweckverbandssatzung.pdf\" rel=\"attachment noopener wp-att-3387\" target=\"_blank\">Genehmigung der Satzungs\u00e4nderung durch das Regierungspr\u00e4sidium T\u00fcbingen<\/a><\/span><\/p>\n<p>[\/et_pb_accordion_item][\/et_pb_accordion][\/et_pb_column][\/et_pb_row][\/et_pb_section]<\/p>\n","protected":false},"excerpt":{"rendered":"<p>Unter dieser Rubrik finden Sie die \u00f6ffentlichen Bekanntmachungen des Zweckverbands Abfallverwertung Reutlingen\/T\u00fcbingenAb dem 01.01.2024 gelten Zweckverband Abfallverwertung Reutlingen &#8211; T\u00fcbingen neue Abfallgeb\u00fchren. Weiteres siehe Pressemitteilung vom 21.11.2023. Auftragbekanntmachung Werkstattwagen Auftragbekanntmachung Deponiekanal 2026Bekanntmachung Jahresabschluss 2024 Ab dem 01.05.2024 gilt die aktualisierte Benutzungsordnung des ZAV. Ab dem 21.11.2024 gilt die\u00a0\u00c4nderungssatzung zur Zweckverbandssatzung Genehmigung der Satzungs\u00e4nderung durch das [&hellip;]<\/p>\n","protected":false},"author":3,"featured_media":0,"parent":0,"menu_order":0,"comment_status":"closed","ping_status":"closed","template":"","meta":{"_et_pb_use_builder":"on","_et_pb_old_content":"","_et_gb_content_width":"","footnotes":""},"class_list":["post-1242","page","type-page","status-publish","hentry"],"_links":{"self":[{"href":"https:\/\/www.zav-rt-tue.de\/index.php?rest_route=\/wp\/v2\/pages\/1242","targetHints":{"allow":["GET"]}}],"collection":[{"href":"https:\/\/www.zav-rt-tue.de\/index.php?rest_route=\/wp\/v2\/pages"}],"about":[{"href":"https:\/\/www.zav-rt-tue.de\/index.php?rest_route=\/wp\/v2\/types\/page"}],"author":[{"embeddable":true,"href":"https:\/\/www.zav-rt-tue.de\/index.php?rest_route=\/wp\/v2\/users\/3"}],"replies":[{"embeddable":true,"href":"https:\/\/www.zav-rt-tue.de\/index.php?rest_route=%2Fwp%2Fv2%2Fcomments&post=1242"}],"version-history":[{"count":84,"href":"https:\/\/www.zav-rt-tue.de\/index.php?rest_route=\/wp\/v2\/pages\/1242\/revisions"}],"predecessor-version":[{"id":3891,"href":"https:\/\/www.zav-rt-tue.de\/index.php?rest_route=\/wp\/v2\/pages\/1242\/revisions\/3891"}],"wp:attachment":[{"href":"https:\/\/www.zav-rt-tue.de\/index.php?rest_route=%2Fwp%2Fv2%2Fmedia&parent=1242"}],"curies":[{"name":"wp","href":"https:\/\/api.w.org\/{rel}","templated":true}]}}