{"id":14,"date":"2018-04-16T22:19:04","date_gmt":"2018-04-16T20:19:04","guid":{"rendered":"https:\/\/www.zav-rt-tue.de\/?page_id=14"},"modified":"2026-03-16T22:11:17","modified_gmt":"2026-03-16T21:11:17","slug":"was-darf-ich-anliefern","status":"publish","type":"page","link":"https:\/\/www.zav-rt-tue.de\/?page_id=14","title":{"rendered":"Was darf ich anliefern?"},"content":{"rendered":"<p>[et_pb_section fb_built=&#8220;1&#8243; _builder_version=&#8220;4.21.0&#8243; use_background_color_gradient=&#8220;on&#8220; background_color_gradient_stops=&#8220;#000000 0%|rgba(0,0,0,0.1) 100%&#8220; background_color_gradient_overlays_image=&#8220;on&#8220; background_color_gradient_start=&#8220;#000000&#8243; background_color_gradient_end=&#8220;rgba(0,0,0,0.1)&#8220; background_image=&#8220;https:\/\/www.zav-rt-tue.de\/wp-content\/uploads\/2023\/06\/Wasdarfichanliefern-e1687931548421-scaled.jpg&#8220; width=&#8220;100%&#8220; min_height=&#8220;251px&#8220; height=&#8220;392px&#8220; max_height=&#8220;1000px&#8220; custom_margin=&#8220;||-3px|||&#8220; custom_padding=&#8220;54px|0px|0px|0px|false|false&#8220; global_colors_info=&#8220;{}&#8220;][et_pb_row module_class=&#8220; et_pb_row_fullwidth&#8220; _builder_version=&#8220;4.16&#8243; width=&#8220;89%&#8220; width_tablet=&#8220;80%&#8220; width_phone=&#8220;&#8220; width_last_edited=&#8220;on|desktop&#8220; max_width=&#8220;89%&#8220; max_width_tablet=&#8220;80%&#8220; max_width_phone=&#8220;&#8220; max_width_last_edited=&#8220;on|desktop&#8220; min_height=&#8220;308px&#8220; custom_margin=&#8220;|auto|297px|auto||&#8220; custom_padding=&#8220;90px|0px|155px|0px|false|false&#8220; make_fullwidth=&#8220;on&#8220; global_colors_info=&#8220;{}&#8220;][et_pb_column type=&#8220;4_4&#8243; _builder_version=&#8220;4.16&#8243; custom_padding=&#8220;|||&#8220; global_colors_info=&#8220;{}&#8220; custom_padding__hover=&#8220;|||&#8220;][et_pb_text _builder_version=&#8220;4.16&#8243; header_text_align=&#8220;center&#8220; header_text_color=&#8220;#ffffff&#8220; header_font_size=&#8220;48px&#8220; header_font_size_tablet=&#8220;44px&#8220; header_font_size_phone=&#8220;32px&#8220; header_font_size_last_edited=&#8220;on|phone&#8220; header_text_shadow_style=&#8220;preset3&#8243; header_text_shadow_blur_strength=&#8220;1.22em&#8220; header_text_shadow_color=&#8220;#000000&#8243; global_colors_info=&#8220;{}&#8220;]<\/p>\n<h1>Was darf ich anliefern?<\/h1>\n<p>[\/et_pb_text][\/et_pb_column][\/et_pb_row][\/et_pb_section][et_pb_section fb_built=&#8220;1&#8243; admin_label=&#8220;section&#8220; _builder_version=&#8220;4.16&#8243; min_height=&#8220;920.3px&#8220; global_colors_info=&#8220;{}&#8220;][et_pb_row disabled_on=&#8220;on|on|off&#8220; admin_label=&#8220;row&#8220; _builder_version=&#8220;4.16&#8243; background_size=&#8220;initial&#8220; background_position=&#8220;top_left&#8220; background_repeat=&#8220;repeat&#8220; global_colors_info=&#8220;{}&#8220;][et_pb_column type=&#8220;4_4&#8243; _builder_version=&#8220;4.16&#8243; custom_padding=&#8220;|||&#8220; global_colors_info=&#8220;{}&#8220; custom_padding__hover=&#8220;|||&#8220;][et_pb_text admin_label=&#8220;Text&#8220; _builder_version=&#8220;4.27.6&#8243; background_size=&#8220;initial&#8220; background_position=&#8220;top_left&#8220; background_repeat=&#8220;repeat&#8220; hover_enabled=&#8220;0&#8243; global_colors_info=&#8220;{}&#8220; sticky_enabled=&#8220;0&#8243;]<\/p>\n<h2><span style=\"font-size: x-large;\"><strong>Auf unseren Wertstoffh\u00f6fen <span style=\"font-size: x-large;\">k\u00f6nnen <\/span>Sie folgende Abf\u00e4lle und Wertstoffe entsorgen:<\/strong><\/span><\/h2>\n<p><span style=\"font-size: medium;\">Unsere \u00d6ffnungszeiten finden Sie <a href=\"https:\/\/www.zav-rt-tue.de\/\">hier.<\/a><\/span><span style=\"font-size: medium;\"><\/span><\/p>\n<p style=\"text-align: left;\"><span style=\"font-size: medium;\"><strong>Ganz wichtig und unbedingt beachten:<\/strong><\/span><\/p>\n<p style=\"text-align: left;\"><strong><span style=\"font-size: large;\"><a href=\"https:\/\/www.zav-rt-tue.de\/?page_id=79\">I<span style=\"font-size: medium;\">nformationen zu den einzelnen Abf\u00e4llen und Wertstoffen finden Sie in unserem Abfall ABC<\/span><\/a><\/span><\/strong><a href=\"https:\/\/www.zav-rt-tue.de\/?page_id=79\"><span style=\"font-size: large;\"><strong><\/strong><\/span><\/a><\/p>\n<p style=\"text-align: center;\"><span style=\"font-size: large;\"><strong><\/strong><\/span><\/p>\n<p>[\/et_pb_text][\/et_pb_column][\/et_pb_row][et_pb_row _builder_version=&#8220;4.20.4&#8243; _module_preset=&#8220;default&#8220; global_colors_info=&#8220;{}&#8220;][et_pb_column type=&#8220;4_4&#8243; _builder_version=&#8220;4.20.4&#8243; _module_preset=&#8220;default&#8220; global_colors_info=&#8220;{}&#8220;][et_pb_toggle title=&#8220;Was kann ich im Entsorgungszentrum Du\u00dflingen anliefern?&#8220; _builder_version=&#8220;4.26.1&#8243; _module_preset=&#8220;default&#8220; global_colors_info=&#8220;{}&#8220;]<\/p>\n<ul>\n<li><em>Altkleider und Schuhe,<\/em><\/li>\n<li><em>Asbesthaltige Abf\u00e4lle <a href=\"https:\/\/www.zav-rt-tue.de\/wp-content\/uploads\/2025\/10\/Merkblatt-asbesthaltiger-Abfaelle-Privatanlieferungen-2025.pdf\">Merkblatt asbesthaltiger Abf\u00e4lle-Privatanlieferungen<\/a><\/em><em> \/ <\/em><em><\/em><em><\/em><em><\/em><em> <a href=\"https:\/\/www.zav-rt-tue.de\/wp-content\/uploads\/2025\/04\/Asbest-Merkblatt-Gewerbe-2025.pdf\">Merkblatt asbesthaltiger Abf\u00e4lle-Gewerbe<\/a><\/em><em><a href=\"https:\/\/www.zav-rt-tue.de\/wp-content\/uploads\/2024\/01\/Merkblatt-asbesthaltiger-Abfaelle-Gewerbe.pdf\" rel=\"attachment wp-att-2883\"> <\/a><\/em><\/li>\n<li><em>Bauschutt (Kleinanlieferungen),<\/em><\/li>\n<li><em>Batterien (siehe unter <a href=\"https:\/\/www.zav-rt-tue.de\/?page_id=79\">Abfall ABC<\/a><\/em><em>)<\/em><\/li>\n<li><em>Bio-, Garten- und Parkabf\u00e4lle,<\/em><\/li>\n<li><em>Boden (nur Kleinanlieferungen, bei gr\u00f6\u00dferen Mengen siehe unter <a href=\"https:\/\/www.zav-rt-tue.de\/?page_id=411\">Bodenaushubdeponien<\/a><\/em><em><\/em><em>)<\/em><\/li>\n<li><em>CDs und DVDs (bitte aus den H\u00fcllen nehmen),<\/em><\/li>\n<li><em>Elektro- und Elektroger\u00e4teschrott haushalts\u00fcblicher Ger\u00e4te. Ab 20 St\u00fcck bitte 3 Tage vorher beim ZAV anmelden (<a href=\"https:\/\/www.zav-rt-tue.de\/wp-content\/uploads\/2025\/10\/Elektrogeraete-Voranmeldung.pdf\">Elektrogeraete-Voranmeldung<\/a><\/em><em>). Genaueres zur Annahme von\u00a0 Eletroaltger\u00e4ten finden Sie in unserem <a href=\"https:\/\/www.zav-rt-tue.de\/?page_id=79\">Abfall-ABC.<\/a><\/em><\/li>\n<li><em>Fenster,<\/em><\/li>\n<li><em>Gewerbeabfall zur Beseitigung,<\/em><\/li>\n<li><em>Glas (Flaschen und Flachglas),<\/em><\/li>\n<li><em>H\u00e4ckselgut,<\/em><\/li>\n<li><em>Holz \/ Holzm\u00f6bel,<\/em><\/li>\n<li><em>Kunststoffe,<\/em><\/li>\n<li><em>Metallschrott (keine Kraftfahrzeugteile),<\/em><\/li>\n<li><em>Mineralwolle,<\/em><\/li>\n<\/ul>\n<p>[\/et_pb_toggle][et_pb_toggle title=&#8220;Was kann ich im Entsorgungszentrum Reutlingen anliefern?&#8220; _builder_version=&#8220;4.27.5&#8243; _module_preset=&#8220;default&#8220; global_colors_info=&#8220;{}&#8220;]<\/p>\n<p><em>An unserem Wertstoffhof Reutlingen-Schinderteich k\u00f6nnen Abf\u00e4lle zur Beseitigung bis maximal 0,5 m\u00b3 und Abf\u00e4lle zur Verwertung bis maximal 2,0 m\u00b3 angenommen werden. Gr\u00f6\u00dfere Mengen m\u00fcssen \u00fcber unser Entsorgungszentrum in Du\u00dflingen entsorgt werden.<\/em><\/p>\n<ul>\n<li>Altkleider und Schuhe,<\/li>\n<li><em>Batterien (siehe unter <a href=\"https:\/\/www.zav-rt-tue.de\/?page_id=79\">Abfall ABC<\/a><\/em><em>)<\/em><\/li>\n<li>CDs und DVDs (bitte aus den H\u00fcllen nehmen),<\/li>\n<li>Elektro- und Elektroger\u00e4teschrott haushalts\u00fcblicher Ger\u00e4te bis 20 St\u00fcck aus dem Landkreis Reutlingen. Photovoltaikmodule k\u00f6nnen nur am Wertstoffhof Du\u00dflingen angenommen werden. <em>Ab 20 St\u00fcck bitte 3 Tage vorher beim ZAV anmelden (<a href=\"https:\/\/www.zav-rt-tue.de\/wp-content\/uploads\/2025\/10\/Elektrogeraete-Voranmeldung.pdf\">Elektrogeraete-Voranmeldung<\/a><\/em><em>). <\/em>Genaueres zur Annahme von\u00a0 Eletroaltger\u00e4ten finden Sie in unserem <a href=\"https:\/\/www.zav-rt-tue.de\/?page_id=79\">Abfall-ABC.<\/a><\/li>\n<li>Fenster<\/li>\n<li>Gewerbeabfall zur Beseitigung,<\/li>\n<li>Glas (Flaschen, Flachglas bis 0,5 m\u00b3 (Mehrmengen bitte an den Wertstoffhof Du\u00dflingen),<\/li>\n<li>Holz \/ Holzm\u00f6bel,<\/li>\n<li>Metallschrott (keine Kraftfahrzeugteile),<\/li>\n<li>Papier \/ Pappe,<\/li>\n<li>Problemstoffe aus Privathaushalten (siehe unter <a href=\"https:\/\/www.zav-rt-tue.de\/?page_id=127\">Problemstoffsammelstellen<\/a>),<\/li>\n<li>Alt\u00f6l (nicht verunreinigt max. 5l),<\/li>\n<li>Restm\u00fcll,<\/li>\n<li>Sperrm\u00fcll.\u00a0<\/li>\n<\/ul>\n<p>[\/et_pb_toggle][\/et_pb_column][\/et_pb_row][et_pb_row _builder_version=&#8220;4.20.4&#8243; _module_preset=&#8220;default&#8220; global_colors_info=&#8220;{}&#8220;][et_pb_column type=&#8220;4_4&#8243; _builder_version=&#8220;4.20.4&#8243; _module_preset=&#8220;default&#8220; global_colors_info=&#8220;{}&#8220;][et_pb_text admin_label=&#8220;Text&#8220; _builder_version=&#8220;4.17.3&#8243; background_size=&#8220;initial&#8220; background_position=&#8220;top_left&#8220; background_repeat=&#8220;repeat&#8220; custom_padding=&#8220;||0px|||&#8220; hover_enabled=&#8220;0&#8243; global_colors_info=&#8220;{}&#8220; sticky_enabled=&#8220;0&#8243;]<\/p>\n<p><strong><span style=\"font-size: medium;\">Auf dem Fahrzeug m\u00fcssen die Abf\u00e4lle bereits getrennt voneinander gehalten sein!<\/span><\/strong><\/p>\n<p><span style=\"font-size: medium;\"><strong>Also:<\/strong> Nicht alles wild durcheinander!<\/span><\/p>\n<p><span style=\"font-size: medium;\"><strong>Sondern:<\/strong> Jede M\u00fcllsorte muss bereits beim Einlass getrennt ersichtlich sein!<\/span><\/p>\n<p><span style=\"font-size: medium;\">Abladen m\u00fcssen Sie selbst in die bereitstehenden Container.<\/span><\/p>\n<p>[\/et_pb_text][\/et_pb_column][\/et_pb_row][et_pb_row _builder_version=&#8220;4.20.4&#8243; _module_preset=&#8220;default&#8220; global_colors_info=&#8220;{}&#8220;][et_pb_column type=&#8220;4_4&#8243; _builder_version=&#8220;4.20.4&#8243; _module_preset=&#8220;default&#8220; global_colors_info=&#8220;{}&#8220;][et_pb_toggle title=&#8220;Haben Sie Fragen zu den Berechtigungscodes des Landkreises T\u00fcbingen?&#8220; _builder_version=&#8220;4.20.4&#8243; _module_preset=&#8220;default&#8220; global_colors_info=&#8220;{}&#8220;]<\/p>\n<p>Sie k\u00f6nnen mit den Berechtigungscode des Landkreises T\u00fcbingen kostenfrei Abf\u00e4lle im Entsorgungszentrum Du\u00dflingen abgeben: Einmal pro Jahr bis zu zwei Kubikmeter Sperrm\u00fcll<span style=\"font-size: x-small;\"> <sup>*1<\/sup><\/span>oder M\u00f6belholz<span style=\"font-size: x-small;\"> <sup>*2 <\/sup><\/span>oder mehrmals Metallschrott oder Elektro- und Elektronikger\u00e4teschrott.<br \/>Sie erhalten diese mit dem aktuellen Abfallgeb\u00fchrenbescheid des Landkreises T\u00fcbingen oder Sie erhalten den Code \u00fcber Ihre Hausverwaltung.<\/p>\n<p>Bei Fragen und Ausk\u00fcnften zu Sonderabfuhren, Terminen von Sperrm\u00fcll, Abfuhr von Holzm\u00f6beln etc. wenden Sie sich bitte direkt an den Abfallwirtschaftsbetrieb des Landkreises T\u00fcbingen.<\/p>\n<p><em><span>Tel.: 07071\/207\/1302 oder <\/span><\/em><a href=\"http:\/\/www.abfall-kreis-tuebingen.de\/\"><em><span>www.abfall-kreis-tuebingen.de<\/span><\/em><\/a><\/p>\n<p><em><span>oder an die Firma ALBA Neckar-Alb, Niederlassung Du\u00dflingen, Tel. 07072\/600479-0<\/span><\/em><\/p>\n<p>&nbsp;<\/p>\n<p><span style=\"font-size: x-small;\"><sup>*1<\/sup><\/span> Keine Renovierungsabf\u00e4lle (z.B. Fenster, Teppichb\u00f6den etc.)<br \/><span style=\"font-size: x-small;\"><sup>*2<\/sup><\/span> Keine Abf\u00e4lle aus Holz, die keine M\u00f6belst\u00fccke sind (z.B. T\u00fcren, Laminatboden etc.). Keine gewerblichen Abf\u00e4lle.<\/p>\n<p>[\/et_pb_toggle][et_pb_toggle title=&#8220;Abf\u00e4lle und Wertstoffe: Eine kleine Begriffsdefinition &#8220; _builder_version=&#8220;4.20.4&#8243; _module_preset=&#8220;default&#8220; global_colors_info=&#8220;{}&#8220;]<\/p>\n<p><span><strong><\/strong><\/span><\/p>\n<p><span><strong>\u2022 Abf\u00e4lle<\/strong><\/span><strong><br \/>Alle Stoffe oder Gegenst\u00e4nde, derer sich ihr Besitzer entledigt, entledigen will oder entledigen muss. Sie <\/strong><strong>werden entsprechenden Abfallarten zugeordnet. <\/strong><strong>Abf\u00e4lle zur Verwertung sind Abf\u00e4lle, die verwertet werden; Abf\u00e4lle, die nicht verwertet werden, sind Abf\u00e4lle zur Beseitigung.<\/strong><\/p>\n<p><strong><span>\u2022 <\/span>Wertstoffe<\/strong><br \/><strong>Abfallbestandteile oder Abfallfraktionen, die zur Wiederverwertung oder f\u00fcr die Herstellung verwertbarer Zwischen- oder Endprodukte geeignet sind.<\/strong><\/p>\n<p>&nbsp;<\/p>\n<p><strong>\u2022 Bauschutt mit sch\u00e4dlichen Verunreinigungen<\/strong><br \/><em>sind mineralische Abf\u00e4lle aus Bauma\u00dfnahmen mit sch\u00e4dlichen Verunreinigungen, bei denen durch die Ablagerung auf einer Erddeponie eine Beeintr\u00e4chtigung des Wohls der Allgemeinheit zu besorgen ist.<\/em><\/p>\n<p><strong>\u2022 Baustellenabf\u00e4lle<\/strong><br \/><em>Nichtmineralische Stoffe aus Baut\u00e4tigkeiten, auch mit geringf\u00fcgigen Fremdanteilen.<\/em><\/p>\n<p><strong>\u2022 Bioabfall<\/strong><br \/><em>Im Siedlungsabfall enthaltene biologisch abbaubare nativ- und derivative-organische Abfallanteile (z.B. organische K\u00fcchenabf\u00e4lle, Gartenabf\u00e4lle).<\/em><\/p>\n<p><span><strong>\u2022 <\/strong><\/span><strong>Erdaushub mit Verunreinigungen<\/strong><br \/><em>sind Abf\u00e4lle aus Erdbauma\u00dfnahmen mit sch\u00e4dlichen Beimengungen, bei denen durch die Ablagerung auf einer Erddeponie eine Beeintr\u00e4chtigung des Wohls der Allgemeinheit zu besorgen ist.<\/em><\/p>\n<p><span><strong>\u2022 <\/strong><\/span><strong>Garten- und Parkabf\u00e4lle<\/strong><br \/><em>sind \u00fcberwiegend pflanzliche Abf\u00e4lle, die auf g\u00e4rtnerisch genutzten Grundst\u00fccken in \u00f6ffentlichen Parkanlagen und auf Friedh\u00f6fen sowie als Stra\u00dfenbegleitgr\u00fcn anfallen.<\/em><\/p>\n<p><span><strong>\u2022 <\/strong><\/span><strong>Gewerbeabfall (einschl. Direktanlieferer)<\/strong><br \/><em>Abf\u00e4lle, die \u00fcblicherweise nicht in Haushaltungen anfallen und Hausm\u00fcll der nicht von den Entsorgungspflichtigen selbst oder von beauftragten Dritten in genormten, im Entsorgungsgebiet vorgeschriebenen Beh\u00e4ltern regelm\u00e4\u00dfig gesammelt, transportiert und der weiteren Entsorgung zugef\u00fchrt wird.<\/em><\/p>\n<p><span><strong>\u2022 Hausm\u00fcll<\/strong><\/span><br \/><em>sind Abf\u00e4lle aus privaten Haushalten, die von den Entsorgungspflichtigen selbst oder von beauftragten Dritten in genormten, im Entsorgungsgebiet vorgeschriebenen Beh\u00e4ltern regelm\u00e4\u00dfig gesammelt, transportiert und der weiteren Entsorgung zugef\u00fchrt werden.<\/em><\/p>\n<p><strong>\u2022 Problemstoffe aus Haushaltungen<\/strong><br \/><em>sind die in Haushaltungen \u00fcblicherweise anfallenden Kleinmengen von Stoffen, die bei der Beseitigung Nachteile f\u00fcr Personen, Umwelt, Anlagen und Verwertungsprodukten hervorrufen k\u00f6nnen. Insbesondere Pflanzenschutz- und Sch\u00e4dlingsbek\u00e4mpfungsmittel, \u00f6l- und l\u00f6semittelhaltige Stoffe, Farben und Lacke, Desinfektions- und Holzschutzmittel, Chemikalienreste, Batterien, Akkumulatoren, Leuchtstoffr\u00f6hren, S\u00e4uren, Laugen und Salze.<\/em><\/p>\n<p><span><strong>\u2022<\/strong> <\/span><strong>Sperrm\u00fcll<\/strong><br \/><em>sind feste Abf\u00e4lle, die wegen ihrer Sperrigkeit nicht in die im Entsorgungsgebiet vorgeschriebenen Beh\u00e4lter passen und getrennt vom Hausm\u00fcll gesammelt und transportiert werden. Hierzu z\u00e4hlen jedoch nicht Abf\u00e4lle aus Geb\u00e4uderenovierungen und Haushaltsaufl\u00f6sungen sowie Wertstoffe, die getrennt vom Sperrm\u00fcll eingesammelt werden.<\/em><\/p>\n<p><strong>\u2022 Verpackungsabf\u00e4lle<\/strong><br \/><em>Die in der Verordnung \u00fcber die Vermeidung von Verpackungsabf\u00e4llen (Verpackungsverordnung \u2013 VerpackV) vom 12.06.1991 (BGBl. I S. 1234 ff.) genannten Verpackungen sind ab den dort genannten Terminen den R\u00fccknahmeverpflichteten zu \u00fcberlassen, soweit diese die Verpackungen der erneuten Verwendung oder einer stofflichen Verwertung au\u00dferhalb der \u00f6ffentlichen Abfallentsorgung zuzuf\u00fchren haben.<\/em><\/p>\n<p>[\/et_pb_toggle][\/et_pb_column][\/et_pb_row][\/et_pb_section]<\/p>\n","protected":false},"excerpt":{"rendered":"<p>Was darf ich anliefern?Auf unseren Wertstoffh\u00f6fen k\u00f6nnen Sie folgende Abf\u00e4lle und Wertstoffe entsorgen: Unsere \u00d6ffnungszeiten finden Sie hier. Ganz wichtig und unbedingt beachten: Informationen zu den einzelnen Abf\u00e4llen und Wertstoffen finden Sie in unserem Abfall ABC Altkleider und Schuhe, Asbesthaltige Abf\u00e4lle Merkblatt asbesthaltiger Abf\u00e4lle-Privatanlieferungen \/ Merkblatt asbesthaltiger Abf\u00e4lle-Gewerbe Bauschutt (Kleinanlieferungen), Batterien (siehe unter Abfall ABC) [&hellip;]<\/p>\n","protected":false},"author":3,"featured_media":0,"parent":0,"menu_order":0,"comment_status":"closed","ping_status":"closed","template":"","meta":{"_et_pb_use_builder":"on","_et_pb_old_content":"[vc_row][vc_column][ultimate_spacer height=\"20\"][vc_custom_heading text=\"Was darf ich anliefern?\r\n\" use_theme_fonts=\"yes\"][ultimate_spacer height=\"20\"][vc_column_text]<i>Der Zweckverband Abfallverwertung Reutlingen\/T\u00fcbingen freut sich auf Ihren Besuch. F\u00fcr eine reibungslose Anlieferung erhalten Sie hier alle notwendigen Infos.<\/i>\r\n\r\nF\u00fcr weiterf\u00fchrende Informationen einfach auf den jeweiligen Wertstoff klicken.[\/vc_column_text][vc_column_text]\r\n<ul>\r\n \t<li><em>\u00a0[simple_tooltip content='Zum Restm\u00fcll geh\u00f6ren Abf\u00e4lle die nicht mehr verwertet werden. Z.B. Aktenordner, Dispersionsfarben, Glasscherben, Kehricht, Keramik, Knochen, Porzellan, Staubsaugerbeutel, Stra\u00dfenkehricht, Tapeten, Teppichb\u00f6den, Windeln, Zigarettenkippen usw.']<u>Restm\u00fcll<\/u>[\/simple_tooltip]<\/em><\/li>\r\n \t<li><em>[simple_tooltip content='Sperrige Gegenst\u00e4nde, die nach der Zerkleinerung nicht in die\u00a0Restm\u00fclltonne passen. Z.B. Matratzen, Bettdecken, B\u00fcgelbretter, Bobbycars, Gartenm\u00f6bel(aus Kunststoff), Kinderwagen, Polsterm\u00f6bel, Sofa, Planschbecken, Regenwasserfa\u00df usw.']<u>Sperrm\u00fcll<\/u>[\/simple_tooltip]<\/em><\/li>\r\n \t<li><em>[simple_tooltip content='Unbehandeltes und behandeltes (beschichtet oder lackiert)Holz. z.B. T\u00fcren, Deckenpanelen, Holzb\u00f6den (Laminat\/Parckett), Fensterrahmen, Holzz\u00e4une, Fensterl\u00e4den usw.']<u>Holz<\/u>[\/simple_tooltip]<\/em><\/li>\r\n \t<li><em>[simple_tooltip content='<strong>M\u00f6bel<\/strong> aus unbehandeltem, beschichteten oder lackiertem Holz Beispiele: Bettgestelle, K\u00f6rbe, Holztische, Kommoden, Schr\u00e4nke Schrankteile, Regalbretter usw. ']<u>Holzm\u00f6bel<\/u>[\/simple_tooltip]<\/em><\/li>\r\n \t<li><em>[simple_tooltip content='z.B. Zeitungen, Illustrierte, Kn\u00fcllpapier (!!Keine Hygienepapiere, Taschent\u00fccher, K\u00fcchenkrepp!!) B\u00fccher, Kartons usw. ']<u>Papier\/Pappe<\/u>[\/simple_tooltip]<\/em><\/li>\r\n \t<li><em>[simple_tooltip content='Baum und Strauchschnitt ']<u>H\u00e4ckselgut<\/u>[\/simple_tooltip]<\/em><\/li>\r\n \t<li><em>[simple_tooltip content='Alle organischen und kompostierbaren Abf\u00e4lle (!!KEIN FLEISCH!!) z.B. Laub, Rasenschnitt, Blumen, Obst, Gem\u00fcse usw.']<u>Bio-, Garten- und Parkabf\u00e4lle<\/u>[\/simple_tooltip]<\/em><\/li>\r\n \t<li><em>[simple_tooltip content='- Problemstoffe sind Schadstoffe und Gifte, die wegen ihrer Gef\u00e4hrlichkeit gesondert entsorgt werden m\u00fcssen. Sie werden an den Problemstoffsammelstellen* des Landkreises T\u00fcbingen angenommen. z.B. Akkus, Batterien, Autobatterien, Bleichmittel, Feuerl\u00f6scher, Lacke, Klebstoffe, Insektizide, Entkalker, Energiesparlampen, Terpentin, Spraydosen usw.']<u>Problemstoffe<\/u>[\/simple_tooltip]<\/em><\/li>\r\n \t<li><em>[simple_tooltip content='z. B. Spiegel, Glasplatten, Fenster (Glas + Rahmen), Dachfenster usw. ']<u>Glas\/Fenster<\/u>[\/simple_tooltip]<\/em><\/li>\r\n \t<li><em><u>Bauschutt<\/u><\/em><\/li>\r\n \t<li><em><u>Minerale<\/u><\/em><\/li>\r\n \t<li><em>[simple_tooltip content='Asbest ist ein feinfasriges, nat\u00fcrliches Material welches wegen Abf\u00e4lle seiner vielseitigen Eigenschaften in der Vergangenheit ein gro\u00dfes Anwendungsspektrum besa\u00df. z. B. Dach-, Wetterschutzlatten (\u201eEternitplatten\u201c), Blumenk\u00e4sten']<u>Inerte\/Abestabf\u00e4lle\u00a0Merkbl\u00e4tter** <\/u>[\/simple_tooltip]<\/em><\/li>\r\n \t<li><em>[simple_tooltip content='z.B. B\u00fcgeleisen, Drucker, K\u00fchlschr\u00e4nke, Fernseher, Computer, Elektroherde, Mikrowellenger\u00e4te, Monitore, CD-Player usw.']<u>Elektroger\u00e4te<\/u>[\/simple_tooltip]<\/em><\/li>\r\n \t<li><em>[simple_tooltip content='- z.B. \u00d6l\u00f6fen (leer + gereinigt) Rasenm\u00e4her (ohne \u00d6l + Benzin), \u2026']<u>Metallschrott<\/u>[\/simple_tooltip]<\/em><\/li>\r\n<\/ul>\r\n[\/vc_column_text][ultimate_spacer height=\"20\"][vc_custom_heading text=\"Was darf ich mit meiner M\u00fcllkarte anliefern?\" use_theme_fonts=\"yes\"][vc_column_text]Die M\u00fcllkarten aus dem Abfallkalender f\u00fcr den Landkreis T\u00fcbingen sind bestimmt f\u00fcr:\r\n<ul>\r\n \t<li><em>\u00a0[simple_tooltip content='Zum Restm\u00fcll geh\u00f6ren Abf\u00e4lle die nicht mehr verwertet werden. Z.B. Aktenordner, Dispersionsfarben, Glasscherben, Kehricht, Keramik, Knochen, Porzellan, Staubsaugerbeutel, Stra\u00dfenkehricht, Tapeten, Teppichb\u00f6den, Windeln, Zigarettenkippen usw.']<u>Restm\u00fcll<\/u>[\/simple_tooltip]<\/em><\/li>\r\n \t<li><em>[simple_tooltip content='Sperrige Gegenst\u00e4nde, die nach der Zerkleinerung nicht in die\u00a0Restm\u00fclltonne passen. Z.B. Matratzen, Bettdecken, B\u00fcgelbretter, Bobbycars, Gartenm\u00f6bel(aus Kunststoff), Kinderwagen, Polsterm\u00f6bel, Sofa, Planschbecken, Regenwasserfa\u00df usw.']<u>Sperrm\u00fcll<\/u>[\/simple_tooltip]<\/em><\/li>\r\n \t<li><em>[simple_tooltip content='z.B. B\u00fcgeleisen, Drucker, K\u00fchlschr\u00e4nke, Fernseher, Computer, Elektroherde, Mikrowellenger\u00e4te, Monitore, CD-Player usw.']<u>Elektroger\u00e4te<\/u>[\/simple_tooltip]<\/em><\/li>\r\n \t<li><em>[simple_tooltip content='- z.B. \u00d6l\u00f6fen (leer + gereinigt) Rasenm\u00e4her (ohne \u00d6l + Benzin), \u2026']<u>Metallschrott<\/u>[\/simple_tooltip]<\/em><\/li>\r\n<\/ul>\r\n&nbsp;\r\n\r\n<strong>Zu Beachten ist:<\/strong>\r\n<ul>\r\n \t<li>Anlieferung pro o.g. M\u00fcllsorte max. 2 m\u00b3,<\/li>\r\n \t<li>Gegenst\u00e4nde nicht schwerer als 50 kg,<\/li>\r\n \t<li>KEINE Abf\u00e4lle aus Gewerbebetrieben<\/li>\r\n<\/ul>\r\n[\/vc_column_text][vc_btn title=\"Hier finden Sie unsere Preise\"][\/vc_column][\/vc_row]","_et_gb_content_width":"","footnotes":""},"class_list":["post-14","page","type-page","status-publish","hentry"],"_links":{"self":[{"href":"https:\/\/www.zav-rt-tue.de\/index.php?rest_route=\/wp\/v2\/pages\/14","targetHints":{"allow":["GET"]}}],"collection":[{"href":"https:\/\/www.zav-rt-tue.de\/index.php?rest_route=\/wp\/v2\/pages"}],"about":[{"href":"https:\/\/www.zav-rt-tue.de\/index.php?rest_route=\/wp\/v2\/types\/page"}],"author":[{"embeddable":true,"href":"https:\/\/www.zav-rt-tue.de\/index.php?rest_route=\/wp\/v2\/users\/3"}],"replies":[{"embeddable":true,"href":"https:\/\/www.zav-rt-tue.de\/index.php?rest_route=%2Fwp%2Fv2%2Fcomments&post=14"}],"version-history":[{"count":103,"href":"https:\/\/www.zav-rt-tue.de\/index.php?rest_route=\/wp\/v2\/pages\/14\/revisions"}],"predecessor-version":[{"id":3725,"href":"https:\/\/www.zav-rt-tue.de\/index.php?rest_route=\/wp\/v2\/pages\/14\/revisions\/3725"}],"wp:attachment":[{"href":"https:\/\/www.zav-rt-tue.de\/index.php?rest_route=%2Fwp%2Fv2%2Fmedia&parent=14"}],"curies":[{"name":"wp","href":"https:\/\/api.w.org\/{rel}","templated":true}]}}