{"id":3087,"date":"2024-08-14T15:37:45","date_gmt":"2024-08-14T13:37:45","guid":{"rendered":"https:\/\/www.zav-rt-tue.de\/?page_id=3087"},"modified":"2024-08-14T15:46:03","modified_gmt":"2024-08-14T13:46:03","slug":"datenschutz","status":"publish","type":"page","link":"https:\/\/www.zav-rt-tue.de\/?page_id=3087","title":{"rendered":"Datenschutzerkl\u00e4rung"},"content":{"rendered":"<p>[et_pb_section fb_built=&#8220;1&#8243; admin_label=&#8220;section&#8220; _builder_version=&#8220;4.16&#8243; global_colors_info=&#8220;{}&#8220; theme_builder_area=&#8220;post_content&#8220;][et_pb_row admin_label=&#8220;row&#8220; _builder_version=&#8220;4.16&#8243; background_size=&#8220;initial&#8220; background_position=&#8220;top_left&#8220; background_repeat=&#8220;repeat&#8220; global_colors_info=&#8220;{}&#8220; theme_builder_area=&#8220;post_content&#8220;][et_pb_column type=&#8220;4_4&#8243; _builder_version=&#8220;4.16&#8243; custom_padding=&#8220;|||&#8220; global_colors_info=&#8220;{}&#8220; custom_padding__hover=&#8220;|||&#8220; theme_builder_area=&#8220;post_content&#8220;][et_pb_text admin_label=&#8220;Text&#8220; _builder_version=&#8220;4.27.0&#8243; background_size=&#8220;initial&#8220; background_position=&#8220;top_left&#8220; background_repeat=&#8220;repeat&#8220; hover_enabled=&#8220;0&#8243; global_colors_info=&#8220;{}&#8220; theme_builder_area=&#8220;post_content&#8220; sticky_enabled=&#8220;0&#8243;]<\/p>\n<div id=\"c484\" class=\"csc-default\">\n<p style=\"font-weight: 400;\"><strong>Datenschutzerkl\u00e4rung<\/strong><\/p>\n<p style=\"font-weight: 400;\">Der Zweckverband Abfallverwertung Reutlingen\/T\u00fcbingen (im Folgenden ZAV) nimmt den Schutz Ihrer pers\u00f6nlichen Daten sehr ernst und h\u00e4lt sich strikt an geltende Gesetze und Vorschriften zum Datenschutz, insbesondere an die Datenschutzgrund-verordnung (DSGVO), das Bundesdatenschutzgesetz (BDSG), das Telemedien-gesetz und das Landesdatenschutzgesetzt von Baden-W\u00fcrttemberg (LDSG).<\/p>\n<p style=\"font-weight: 400;\">Verantwortlicher im Sinne der DSGVO ist der Gesch\u00e4ftsf\u00fchrer, Herr Julius Regelmann, Im Steinig 61, 72144 Du\u00dflingen, verantwortlicher-datenschutz@zav-rt-tue.de<\/p>\n<ol>\n<li style=\"font-weight: 400;\"><strong> Nutzungsdaten<\/strong><\/li>\n<\/ol>\n<p style=\"font-weight: 400;\">Bei jedem Zugriff auf unsere Webseite und bei jedem Abruf einer Datei werden automatisch \u00fcber diesen Vorgang allgemeine Daten in einer Protokolldatei gespeichert. Die Speicherung dient ausschlie\u00dflich systembezogenen und statistischen Zwecken (auf Grundlage von Art. 6 Abs. 1 Buchst. b) DSGVO), sowie in Ausnahmef\u00e4llen zur Anzeige von Straftaten (auf Grundlage von Art. 6 Abs. 1 Buchst. e) DSGVO).<\/p>\n<p style=\"font-weight: 400;\">\u00a0Eine Weitergabe der Daten an Dritte oder eine sonstige Auswertung findet nicht statt, es sei denn, es besteht eine gesetzliche Verpflichtung dazu (Art. 6 Abs. 1 Buchst. e) DSGVO).<\/p>\n<p style=\"font-weight: 400;\">Der ZAV erhebt und speichert automatisch in Server Log Files Informationen, die Ihr Browser an uns \u00fcbermittelt. Dies sind:<\/p>\n<ul>\n<li>Name der abgerufenen Seite<\/li>\n<li>Datum und Uhrzeit des Abrufs<\/li>\n<li>Meldung, ob der Abruf erfolgreich war<\/li>\n<li>Beschreibung des Typs des verwendeten Webbrowsers<\/li>\n<li>Verwendetes Betriebssystem<\/li>\n<li>Ihre IP-Adresse<\/li>\n<\/ul>\n<p style=\"font-weight: 400;\">\u00a0Diese Daten sind nicht bestimmten Personen zuordenbar. Eine Zusammenf\u00fchrung dieser Daten mit anderen Datenquellen wird nicht vorgenommen, die Daten werden nach sp\u00e4testens 4 Wochen gel\u00f6scht.<\/p>\n<ol start=\"2\">\n<li style=\"font-weight: 400;\"><strong> Personenbezogene Daten<br \/><\/strong>Personenbezogene Daten werden von uns nur dann verarbeitet, wenn uns dies gesetzlich gestattet ist oder Sie uns Ihre Einwilligung erteilt haben.\n<p>Im Einzelnen: Wenn Sie mit uns in Kontakt treten, willigen Sie in die Verarbeitung Ihrer Daten zur Bearbeitung Ihrer Anfrage ein. Dies gilt auch f\u00fcr den Fall, wenn eine weitere Korrespondenz mit Ihnen stattfinden soll.<\/li>\n<li style=\"font-weight: 400;\"><strong>Dauer der Speicherung<br \/><\/strong>&#8211; Kontakt<br \/>Die Kontaktdaten werden in der Anwendung direkt nicht gespeichert. Die Daten werden zur weiteren Bearbeitung per E-Mail an den ZAV weitergeleitet und dort zur weiteren Bearbeitung genutzt. Personenbezogene Daten werden von uns gel\u00f6scht, wenn ihre Kenntnis f\u00fcr die Aufgabenerf\u00fcllung nicht mehr erforderlich ist oder eine rechtliche Verpflichtung zur L\u00f6schung besteht.<br \/>&#8211; Servicecenter<br \/>Personenbezogene Daten werden von uns gel\u00f6scht, wenn ihre Kenntnis f\u00fcr die Aufgabenerf\u00fcllung nicht mehr erforderlich ist oder eine rechtliche Verpflichtung zur L\u00f6schung besteht.<\/li>\n<li style=\"font-weight: 400;\"><strong>Betroffenenrechte<\/strong><\/li>\n<\/ol>\n<ul><\/ul>\n<ol><\/ol>\n<ol>\n<li>Auskunftsrecht<br \/>Sie haben von uns das Recht, von uns eine Best\u00e4tigung dar\u00fcber zu verlangen, ob Sie betreffende personenbezogene Daten verarbeitet werden.<br \/>Senden Sie hierzu einfach eine E-Mail an <a href=\"mailto:datenschutz@zav-rt-tue.de\">datenschutz@zav-rt-tue.de<\/a><\/li>\n<li>Berechtigung\/L\u00f6schung\/Einschr\u00e4nkung der Verarbeitung<br \/>Des Weiteren haben Sie das Recht, von uns zu verlangen, dass<br \/>&#8211; Sie betreffende unrichtige personenbezogene Daten unverz\u00fcglich berichtigt werden (Recht auf Berichtigung);<br \/>&#8211; Sie betreffende personenbezogene Daten unverz\u00fcglich gel\u00f6scht werden (Recht auf L\u00f6schung), soweit ihre Kenntnis f\u00fcr die Aufgabenerf\u00fcllung nicht mehr notwendig ist und<br \/>&#8211; die Verarbeitung eingeschr\u00e4nkt wird (Recht auf Einschr\u00e4nken der Verarbeitung).Senden Sie hierf\u00fcr bitte einfach eine E-Mail an<br \/><a href=\"mailto:datenschutz@zav-rt-tue.de\">datenschutz@zav-rt-tue.de<\/a><\/li>\n<li>Recht auf Daten\u00fcbertragbarkeit<br \/>Sie haben das Recht, Sie betreffende personenbezogene Daten, die Sie uns bereitgestellt haben, in einem strukturierten, g\u00e4ngigen und maschinenlesbaren Format zu erhalten und diese Daten einem anderen Verantwortlichen zu \u00fcbermitteln. Senden Sie hierf\u00fcr bitte einfach eine E-Mail an<br \/><a href=\"mailto:datenschutz@zav-rt-tue.de\">datenschutz@zav-rt-tue.de<\/a><\/li>\n<li>Widerrufsrecht<br \/>Sie haben das Recht, Ihre Einwilligung jederzeit zu widerrufen. Durch den Widerruf der Einwilligung wird die Rechtm\u00e4\u00dfigkeit der aufgrund der Einwilligung bis zum Widerruf erfolgten Verarbeitung nicht ber\u00fchrt. Senden Sie hierf\u00fcr bitte einfach eine E-Mail an<br \/><a href=\"mailto:datenschutz@zav-rt-tue.de\">datenschutz@zav-rt-tue.de<\/a><\/li>\n<li>Widerspruchsrecht<br \/>Ist die Verarbeitung Sie betreffender personenbezogener Daten f\u00fcr die Wahrnehmung einer Aufgabe, die im \u00f6ffentlichen Interesse liegt (Art. 6 Abs. 1 Buchst. e) DSGVO) oder zur Wahrung unserer berechtigten Interessen (Art. 6 Abs. 1 Buchst. f) DSGVO) erforderlich, steht Ihnen ein Widerspruchsrecht zu. Senden Sie hierf\u00fcr bitte einfach eine E-Mail an datenschutz@zav-rt-tue.de<\/li>\n<li>Beschwerderecht<br \/>Sind Sie der Ansicht, dass die Verarbeitung der Sie betreffenden personenbezogenen Daten gegen die DSGVO verst\u00f6\u00dft, haben Sie unbeschadet anderweitiger Rechtsbehelfe das Recht auf Beschwerde bei einer Aufsichtsbeh\u00f6rde.<strong>\u00a0<\/strong><\/li>\n<\/ol>\n<ol start=\"5\">\n<li style=\"font-weight: 400;\"><strong> Unser Datenschutzbeauftragter<\/strong><\/li>\n<\/ol>\n<p style=\"font-weight: 400;\">Unseren Datenschutzbeauftragten erreichen Sie unter:<\/p>\n<p style=\"font-weight: 400;\"><a href=\"mailto:datenschutz@kreis-tuebingen.de\">datenschutz@zav-rt-tue.de<\/a> .<\/p>\n<p>Anschrift:<\/p>\n<p style=\"font-weight: 400;\">Zweckverband Abfallverwertung Reutlingen\/T\u00fcbingen<\/p>\n<p style=\"font-weight: 400;\">Datenschutz<\/p>\n<p style=\"font-weight: 400;\">Im Steinig 61<\/p>\n<p style=\"font-weight: 400;\">72144 Du\u00dflingen<\/p>\n<ol start=\"6\">\n<li style=\"font-weight: 400;\"><strong> Sicherheit<\/strong><\/li>\n<\/ol>\n<p style=\"font-weight: 400;\">F\u00fcr die Sicherheit Ihrer Daten verwenden wir modernste Internettechnologien. W\u00e4hrend des Onlineanfrageprozesses sind Ihre Angaben mit einer SSL-Verschl\u00fcsselung gesichert. F\u00fcr eine sichere Speicherung Ihrer Daten werden unsere Systeme durch Firewalls gesch\u00fctzt, die unberechtigte Zugriffe von au\u00dfen verhindern.<\/p>\n<ol start=\"7\">\n<li style=\"font-weight: 400;\"><strong> Links zu anderen Anbietern<\/strong><\/li>\n<\/ol>\n<p style=\"font-weight: 400;\">Unsere Web-Seite enth\u00e4lt \u2013 deutlich erkennbar \u2013 auch Links auf die Internet-Auftritte anderer Unternehmen, bzw. Organisationen. Soweit Links zu Webseiten anderer Anbieter vorhanden sind, haben wir auf deren Inhalte keinen Einfluss. Daher kann f\u00fcr diese Inhalte auch keine Gew\u00e4hr und Haftung \u00fcbernommen werden. F\u00fcr die Inhalte dieser Seiten ist stets der jeweilige Anbieter oder Betreiber der Seiten verantwortlich. Die verlinkten Seiten wurden zum Zeitpunkt der Verlinkung auf m\u00f6gliche Rechtsverst\u00f6\u00dfe und erkennbare Rechtsverletzungen gepr\u00fcft. Rechtswidrige Inhalte waren zum Zeitpunkt der Verlinkung nicht erkennbar. Eine permanente inhaltliche Kontrolle der verlinkten Seiten ist jedoch ohne konkrete Anhaltspunkte einer Rechtsverletzung nicht zumutbar. Bei Bekanntwerden von Rechtsverletzungen werden derartige Links umgehend entfernt.<\/p>\n<\/div>\n<p>[\/et_pb_text][\/et_pb_column][\/et_pb_row][\/et_pb_section]<\/p>\n","protected":false},"excerpt":{"rendered":"<p>Datenschutzerkl\u00e4rung Der Zweckverband Abfallverwertung Reutlingen\/T\u00fcbingen (im Folgenden ZAV) nimmt den Schutz Ihrer pers\u00f6nlichen Daten sehr ernst und h\u00e4lt sich strikt an geltende Gesetze und Vorschriften zum Datenschutz, insbesondere an die Datenschutzgrund-verordnung (DSGVO), das Bundesdatenschutzgesetz (BDSG), das Telemedien-gesetz und das Landesdatenschutzgesetzt von Baden-W\u00fcrttemberg (LDSG). Verantwortlicher im Sinne der DSGVO ist der Gesch\u00e4ftsf\u00fchrer, Herr Julius Regelmann, Im [&hellip;]<\/p>\n","protected":false},"author":3,"featured_media":0,"parent":0,"menu_order":0,"comment_status":"closed","ping_status":"closed","template":"","meta":{"_et_pb_use_builder":"on","_et_pb_old_content":"<!-- wp:divi\/placeholder \/-->","_et_gb_content_width":"","footnotes":""},"class_list":["post-3087","page","type-page","status-publish","hentry"],"_links":{"self":[{"href":"https:\/\/www.zav-rt-tue.de\/index.php?rest_route=\/wp\/v2\/pages\/3087","targetHints":{"allow":["GET"]}}],"collection":[{"href":"https:\/\/www.zav-rt-tue.de\/index.php?rest_route=\/wp\/v2\/pages"}],"about":[{"href":"https:\/\/www.zav-rt-tue.de\/index.php?rest_route=\/wp\/v2\/types\/page"}],"author":[{"embeddable":true,"href":"https:\/\/www.zav-rt-tue.de\/index.php?rest_route=\/wp\/v2\/users\/3"}],"replies":[{"embeddable":true,"href":"https:\/\/www.zav-rt-tue.de\/index.php?rest_route=%2Fwp%2Fv2%2Fcomments&post=3087"}],"version-history":[{"count":5,"href":"https:\/\/www.zav-rt-tue.de\/index.php?rest_route=\/wp\/v2\/pages\/3087\/revisions"}],"predecessor-version":[{"id":3093,"href":"https:\/\/www.zav-rt-tue.de\/index.php?rest_route=\/wp\/v2\/pages\/3087\/revisions\/3093"}],"wp:attachment":[{"href":"https:\/\/www.zav-rt-tue.de\/index.php?rest_route=%2Fwp%2Fv2%2Fmedia&parent=3087"}],"curies":[{"name":"wp","href":"https:\/\/api.w.org\/{rel}","templated":true}]}}