{"id":3594,"date":"2025-10-30T18:51:42","date_gmt":"2025-10-30T17:51:42","guid":{"rendered":"https:\/\/www.zav-rt-tue.de\/?page_id=3594"},"modified":"2025-10-30T18:54:35","modified_gmt":"2025-10-30T17:54:35","slug":"leichte-sprache","status":"publish","type":"page","link":"https:\/\/www.zav-rt-tue.de\/?page_id=3594","title":{"rendered":"Leichte Sprache"},"content":{"rendered":"<p>[et_pb_section fb_built=&#8220;1&#8243; _builder_version=&#8220;4.27.4&#8243; _module_preset=&#8220;default&#8220; global_colors_info=&#8220;{}&#8220;][et_pb_row _builder_version=&#8220;4.27.4&#8243; _module_preset=&#8220;default&#8220; global_colors_info=&#8220;{}&#8220;][et_pb_column type=&#8220;4_4&#8243; _builder_version=&#8220;4.27.4&#8243; _module_preset=&#8220;default&#8220; global_colors_info=&#8220;{}&#8220;][et_pb_text _builder_version=&#8220;4.27.4&#8243; _module_preset=&#8220;default&#8220; hover_enabled=&#8220;0&#8243; global_colors_info=&#8220;{}&#8220; sticky_enabled=&#8220;0&#8243; text_font_size=&#8220;18px&#8220; text_line_height=&#8220;2em&#8220;]<\/p>\n<h1>Leichte Sprache<\/h1>\n<h2>Wer wir sind<\/h2>\n<p>Wir sind der <strong>Zweckverband Abfallverwertung Reutlingen und T\u00fcbingen<\/strong>. Kurz sagen wir <strong>ZAV<\/strong>.<\/p>\n<p>Wir k\u00fcmmern uns darum, dass der M\u00fcll aus den Landkreisen <strong>Reutlingen<\/strong> und <strong>T\u00fcbingen<\/strong> richtig gesammelt, sortiert und verwertet wird.<\/p>\n<p>Unser Ziel ist: <strong>Abfall vermeiden, wiederverwerten und die Umwelt sch\u00fctzen.<\/strong><\/p>\n<h2>Was Sie auf dieser Internet-Seite finden<\/h2>\n<p>Diese Internet-Seite hei\u00dft: <a href=\"https:\/\/www.zav-rt-tue.de\">www.zav-rt-tue.de<\/a><\/p>\n<p>Hier finden Sie viele Informationen:<\/p>\n<ul>\n<li>Wie die <strong>Abfall-Geb\u00fchren<\/strong> funktionieren<\/li>\n<li>Welche <strong>Abfall-Arten<\/strong> es gibt<\/li>\n<li>Wie Sie <strong>Abfall richtig trennen<\/strong><\/li>\n<li>Wo unsere <strong>Entsorgungszentren<\/strong> sind<\/li>\n<li><strong>Neuigkeiten<\/strong> und <strong>Presse-Infos<\/strong><\/li>\n<\/ul>\n<p>Die Internet-Seite ist f\u00fcr Menschen in den Landkreisen Reutlingen und T\u00fcbingen gemacht.<\/p>\n<h2>So benutzen Sie die Internet-Seite<\/h2>\n<p>Oben auf der Seite ist das <strong>Men\u00fc<\/strong>. Dort stehen die wichtigsten Themen.<\/p>\n<p>Klicken Sie mit der Maus auf ein Wort im Men\u00fc. Dann \u00f6ffnet sich eine Seite mit mehr Informationen.<\/p>\n<p>Unten auf jeder Seite steht das <strong>Kontakt-Feld<\/strong>. Dort finden Sie unsere Adresse und Telefonnummer.<\/p>\n<h2>Wie Sie uns erreichen k\u00f6nnen<\/h2>\n<p>Unsere <strong>Hausanschrift<\/strong> ist:<br \/>ZAV \u2013 Zweckverband Abfallwirtschaft Reutlingen \/ T\u00fcbingen<br \/>Im Steinig 61<br \/>72144 Du\u00dflingen<\/p>\n<p><strong>Telefon:<\/strong> 07072 \/ 9188 -50<br \/><strong>Fax:<\/strong> 07072 \/ 9188 -63<br \/><strong>E-Mail:<\/strong> <a href=\"mailto:info@zav-rt-tue.de\">info@zav-rt-tue.de<\/a><\/p>\n<p>Gesch\u00e4ftsf\u00fchrer: Herr Regelmann<br \/>Stellvertreterin: Frau Frank<br \/>Aufsichtsbeh\u00f6rde: Regierungspr\u00e4sidium T\u00fcbingen<\/p>\n<p>Oder Sie k\u00f6nnen \u00fcber das <a href=\"https:\/\/www.zav-rt-tue.de\/?page_id=22\">Kontaktformular<\/a> schreiben.<\/p>\n<p>Unsere <strong>Entsorgungszentren<\/strong> finden Sie in <strong>Reutlingen<\/strong> und <strong>Du\u00dflingen<\/strong>.<\/p>\n<h2>Wenn Sie Hilfe brauchen<\/h2>\n<p>Wenn Sie etwas auf dieser Seite nicht verstehen, dann rufen Sie uns bitte an oder schreiben Sie uns.<br \/>Wir helfen Ihnen gerne weiter.<\/p>\n<h2>Mehr Barrierefreiheit<\/h2>\n<p>Diese Seite soll f\u00fcr alle Menschen gut nutzbar sein. Dazu geh\u00f6ren auch Texte in Leichter Sprache und Videos in Geb\u00e4rdensprache.<\/p>\n<p>Die Videos finden Sie hier: <a href=\"https:\/\/www.zav-rt-tue.de\/gebaerdensprache\/\">Geb\u00e4rdensprach-Videos<\/a><\/p>\n<h2>Stand der Information<\/h2>\n<p>Diese Seite in Leichter Sprache wurde erstellt im <strong>November 2025<\/strong>.<br \/>Wenn sich etwas \u00e4ndert, wird der Text angepasst.<\/p>\n<p>[\/et_pb_text][\/et_pb_column][\/et_pb_row][\/et_pb_section]<\/p>\n","protected":false},"excerpt":{"rendered":"<p>Leichte Sprache Wer wir sind Wir sind der Zweckverband Abfallverwertung Reutlingen und T\u00fcbingen. Kurz sagen wir ZAV. Wir k\u00fcmmern uns darum, dass der M\u00fcll aus den Landkreisen Reutlingen und T\u00fcbingen richtig gesammelt, sortiert und verwertet wird. Unser Ziel ist: Abfall vermeiden, wiederverwerten und die Umwelt sch\u00fctzen. Was Sie auf dieser Internet-Seite finden Diese Internet-Seite hei\u00dft: [&hellip;]<\/p>\n","protected":false},"author":3,"featured_media":0,"parent":0,"menu_order":0,"comment_status":"closed","ping_status":"closed","template":"","meta":{"_et_pb_use_builder":"on","_et_pb_old_content":"","_et_gb_content_width":"","footnotes":""},"class_list":["post-3594","page","type-page","status-publish","hentry"],"_links":{"self":[{"href":"https:\/\/www.zav-rt-tue.de\/index.php?rest_route=\/wp\/v2\/pages\/3594","targetHints":{"allow":["GET"]}}],"collection":[{"href":"https:\/\/www.zav-rt-tue.de\/index.php?rest_route=\/wp\/v2\/pages"}],"about":[{"href":"https:\/\/www.zav-rt-tue.de\/index.php?rest_route=\/wp\/v2\/types\/page"}],"author":[{"embeddable":true,"href":"https:\/\/www.zav-rt-tue.de\/index.php?rest_route=\/wp\/v2\/users\/3"}],"replies":[{"embeddable":true,"href":"https:\/\/www.zav-rt-tue.de\/index.php?rest_route=%2Fwp%2Fv2%2Fcomments&post=3594"}],"version-history":[{"count":8,"href":"https:\/\/www.zav-rt-tue.de\/index.php?rest_route=\/wp\/v2\/pages\/3594\/revisions"}],"predecessor-version":[{"id":3605,"href":"https:\/\/www.zav-rt-tue.de\/index.php?rest_route=\/wp\/v2\/pages\/3594\/revisions\/3605"}],"wp:attachment":[{"href":"https:\/\/www.zav-rt-tue.de\/index.php?rest_route=%2Fwp%2Fv2%2Fmedia&parent=3594"}],"curies":[{"name":"wp","href":"https:\/\/api.w.org\/{rel}","templated":true}]}}