{"id":3606,"date":"2025-10-31T11:20:34","date_gmt":"2025-10-31T10:20:34","guid":{"rendered":"https:\/\/www.zav-rt-tue.de\/?page_id=3606"},"modified":"2025-10-31T11:24:15","modified_gmt":"2025-10-31T10:24:15","slug":"barrierefreiheit","status":"publish","type":"page","link":"https:\/\/www.zav-rt-tue.de\/?page_id=3606","title":{"rendered":"Barrierefreiheit"},"content":{"rendered":"<p>[et_pb_section fb_built=&#8220;1&#8243; theme_builder_area=&#8220;post_content&#8220; _builder_version=&#8220;4.27.4&#8243; _module_preset=&#8220;default&#8220;][et_pb_row _builder_version=&#8220;4.27.4&#8243; _module_preset=&#8220;default&#8220; theme_builder_area=&#8220;post_content&#8220;][et_pb_column _builder_version=&#8220;4.27.4&#8243; _module_preset=&#8220;default&#8220; type=&#8220;4_4&#8243; theme_builder_area=&#8220;post_content&#8220;][et_pb_text _builder_version=&#8220;4.27.4&#8243; _module_preset=&#8220;default&#8220; theme_builder_area=&#8220;post_content&#8220; text_font_size=&#8220;18px&#8220; text_line_height=&#8220;2em&#8220; hover_enabled=&#8220;0&#8243; sticky_enabled=&#8220;0&#8243;]<\/p>\n<h1>Erkl\u00e4rung zur Barrierefreiheit<\/h1>\n<p>Diese Erkl\u00e4rung gilt f\u00fcr die Website <a href=\"https:\/\/www.zav-rt-tue.de\">www.zav-rt-tue.de<\/a>.<\/p>\n<h2>Stand der Vereinbarkeit mit den Anforderungen<\/h2>\n<p>Diese Website ist teilweise mit \u00a7 10 Absatz 1 der Barrierefreie-Informationstechnik-Verordnung (BITV 2.0) vereinbar.<br \/>Die nachstehend aufgef\u00fchrten Inhalte sind nicht vollst\u00e4ndig barrierefrei.<\/p>\n<h2>Nicht barrierefreie Inhalte<\/h2>\n<ul>\n<li>Einige PDF-Dokumente sind noch nicht vollst\u00e4ndig barrierefrei.<\/li>\n<li>Einzelne \u00e4ltere Inhalte erf\u00fcllen die Farb- und Kontrastanforderungen noch nicht vollst\u00e4ndig.<\/li>\n<li>Geb\u00e4rdensprachvideos werden derzeit erstellt.<\/li>\n<\/ul>\n<h2>Erstellung dieser Erkl\u00e4rung<\/h2>\n<p>Diese Erkl\u00e4rung wurde am <strong>31. Oktober 2025<\/strong> erstellt und zuletzt am <b>31. Oktober 2025 <\/b>\u00fcberpr\u00fcft.<\/p>\n<h2>Kontakt und Feedback<\/h2>\n<p>Wenn Sie auf Barrieren sto\u00dfen oder Hinweise zur Barrierefreiheit haben, k\u00f6nnen Sie sich an uns wenden:<\/p>\n<p>ZAV \u2013 Zweckverband Abfallwirtschaft Reutlingen \/ T\u00fcbingen<\/p>\n<p>Im Steinig 61<\/p>\n<p>72144 Du\u00dflingen<\/p>\n<p>Telefon: 07072 \/ 9188 -50<\/p>\n<p>Fax: 07072 \/ 9188 -63<\/p>\n<p>E-Mail: <a href=\"mailto:info@zav-rt-tue.de\">info@zav-rt-tue.de<\/a><\/p>\n<h2>Schlichtungsverfahren<\/h2>\n<p>Wenn Ihre Kontaktaufnahme mit uns nicht erfolgreich war, k\u00f6nnen Sie sich an die Schlichtungsstelle des Landeszentrums f\u00fcr Barrierefreiheit wenden:<\/p>\n<p><strong>Landeszentrum f\u00fcr Barrierefreiheit (LZfB)<\/strong><\/p>\n<p>Steinstra\u00dfe 12, 70173 Stuttgart<\/p>\n<p>E-Mail: <a href=\"mailto:poststelle@bfbmbwl.de\">poststelle@bfbmbwl.de<\/a><\/p>\n<p>Website: <a href=\"https:\/\/www.bfit-bund.de\">www.bfit-bund.de<\/a><\/p>\n<p>[\/et_pb_text][\/et_pb_column][\/et_pb_row][\/et_pb_section]<\/p>\n","protected":false},"excerpt":{"rendered":"<p>Erkl\u00e4rung zur Barrierefreiheit Diese Erkl\u00e4rung gilt f\u00fcr die Website www.zav-rt-tue.de. Stand der Vereinbarkeit mit den Anforderungen Diese Website ist teilweise mit \u00a7 10 Absatz 1 der Barrierefreie-Informationstechnik-Verordnung (BITV 2.0) vereinbar.Die nachstehend aufgef\u00fchrten Inhalte sind nicht vollst\u00e4ndig barrierefrei. Nicht barrierefreie Inhalte Einige PDF-Dokumente sind noch nicht vollst\u00e4ndig barrierefrei. Einzelne \u00e4ltere Inhalte erf\u00fcllen die Farb- und Kontrastanforderungen [&hellip;]<\/p>\n","protected":false},"author":3,"featured_media":0,"parent":0,"menu_order":0,"comment_status":"closed","ping_status":"closed","template":"","meta":{"_et_pb_use_builder":"on","_et_pb_old_content":"","_et_gb_content_width":"","footnotes":""},"class_list":["post-3606","page","type-page","status-publish","hentry"],"_links":{"self":[{"href":"https:\/\/www.zav-rt-tue.de\/index.php?rest_route=\/wp\/v2\/pages\/3606","targetHints":{"allow":["GET"]}}],"collection":[{"href":"https:\/\/www.zav-rt-tue.de\/index.php?rest_route=\/wp\/v2\/pages"}],"about":[{"href":"https:\/\/www.zav-rt-tue.de\/index.php?rest_route=\/wp\/v2\/types\/page"}],"author":[{"embeddable":true,"href":"https:\/\/www.zav-rt-tue.de\/index.php?rest_route=\/wp\/v2\/users\/3"}],"replies":[{"embeddable":true,"href":"https:\/\/www.zav-rt-tue.de\/index.php?rest_route=%2Fwp%2Fv2%2Fcomments&post=3606"}],"version-history":[{"count":3,"href":"https:\/\/www.zav-rt-tue.de\/index.php?rest_route=\/wp\/v2\/pages\/3606\/revisions"}],"predecessor-version":[{"id":3611,"href":"https:\/\/www.zav-rt-tue.de\/index.php?rest_route=\/wp\/v2\/pages\/3606\/revisions\/3611"}],"wp:attachment":[{"href":"https:\/\/www.zav-rt-tue.de\/index.php?rest_route=%2Fwp%2Fv2%2Fmedia&parent=3606"}],"curies":[{"name":"wp","href":"https:\/\/api.w.org\/{rel}","templated":true}]}}