{"id":411,"date":"2019-05-25T15:18:30","date_gmt":"2019-05-25T13:18:30","guid":{"rendered":"https:\/\/www.zav-rt-tue.de\/?page_id=411"},"modified":"2026-03-25T17:40:24","modified_gmt":"2026-03-25T16:40:24","slug":"deponien","status":"publish","type":"page","link":"https:\/\/www.zav-rt-tue.de\/?page_id=411","title":{"rendered":"Wertstoffh\u00f6fe und Deponien"},"content":{"rendered":"<p>[et_pb_section fb_built=&#8220;1&#8243; _builder_version=&#8220;4.16&#8243; background_image=&#8220;https:\/\/www.zav-rt-tue.de\/wp-content\/uploads\/2019\/11\/Deponien.jpg&#8220; custom_padding=&#8220;89.2px|0px|35px|0px|false|false&#8220; global_colors_info=&#8220;{}&#8220;][et_pb_row module_class=&#8220; et_pb_row_fullwidth&#8220; _builder_version=&#8220;4.16&#8243; width=&#8220;89%&#8220; width_tablet=&#8220;80%&#8220; width_phone=&#8220;&#8220; width_last_edited=&#8220;on|desktop&#8220; max_width=&#8220;89%&#8220; max_width_tablet=&#8220;80%&#8220; max_width_phone=&#8220;&#8220; max_width_last_edited=&#8220;on|desktop&#8220; custom_padding=&#8220;27px|0px|85px|0px|false|false&#8220; make_fullwidth=&#8220;on&#8220; global_colors_info=&#8220;{}&#8220;][et_pb_column type=&#8220;4_4&#8243; _builder_version=&#8220;4.16&#8243; custom_padding=&#8220;|||&#8220; global_colors_info=&#8220;{}&#8220; custom_padding__hover=&#8220;|||&#8220;][et_pb_text _builder_version=&#8220;4.20.4&#8243; header_text_align=&#8220;center&#8220; header_text_color=&#8220;#ffffff&#8220; header_font_size=&#8220;48px&#8220; header_font_size_tablet=&#8220;44px&#8220; header_font_size_phone=&#8220;32px&#8220; header_font_size_last_edited=&#8220;on|phone&#8220; header_text_shadow_style=&#8220;preset3&#8243; global_colors_info=&#8220;{}&#8220;]<\/p>\n<h1>Wertstoffh\u00f6fe und Deponien<\/h1>\n<p>[\/et_pb_text][\/et_pb_column][\/et_pb_row][\/et_pb_section][et_pb_section fb_built=&#8220;1&#8243; _builder_version=&#8220;4.16&#8243; min_height=&#8220;252px&#8220; custom_margin=&#8220;||-11px|||&#8220; custom_padding=&#8220;0px||0px|||&#8220; global_colors_info=&#8220;{}&#8220;][et_pb_row use_custom_gutter=&#8220;on&#8220; _builder_version=&#8220;4.16&#8243; width=&#8220;100%&#8220; global_colors_info=&#8220;{}&#8220;][et_pb_column type=&#8220;4_4&#8243; _builder_version=&#8220;4.16&#8243; custom_padding=&#8220;|||&#8220; global_colors_info=&#8220;{}&#8220; custom_padding__hover=&#8220;|||&#8220;][et_pb_blurb title=&#8220;Wertstoffh\u00f6fe&#8220; content_max_width=&#8220;1100px&#8220; module_id=&#8220;boden&#8220; _builder_version=&#8220;4.20.4&#8243; header_level=&#8220;h2&#8243; header_font=&#8220;||||||||&#8220; global_colors_info=&#8220;{}&#8220;][\/et_pb_blurb][\/et_pb_column][\/et_pb_row][et_pb_row _builder_version=&#8220;4.16&#8243; global_colors_info=&#8220;{}&#8220;][et_pb_column type=&#8220;4_4&#8243; _builder_version=&#8220;4.16&#8243; custom_padding=&#8220;|||&#8220; global_colors_info=&#8220;{}&#8220; custom_padding__hover=&#8220;|||&#8220;][et_pb_toggle title=&#8220;Du\u00dflingen und Reutlingen&#8220; _builder_version=&#8220;4.20.4&#8243; global_colors_info=&#8220;{}&#8220;]<\/p>\n<p>Der ZAV betreibt die <strong><a href=\"https:\/\/www.zav-rt-tue.de\/?page_id=14\">Wertstoffh\u00f6fe in Du\u00dflingen und Reutlingen<\/a><\/strong> sowie alle <a href=\"https:\/\/www.zav-rt-tue.de\/?page_id=127\"><strong>Problemstoffsammelstellen<\/strong><\/a> im Landkreis T\u00fcbingen.<\/p>\n<p><strong><a href=\"https:\/\/www.zav-rt-tue.de\/?page_id=79\">Detailinformationen zur Trennung und Anlieferung von Wertstoffen und Abf\u00e4llen finden Sie in unserem Abfall ABC.<\/a><\/strong><\/p>\n<p>Wertstoffe m\u00fcssen beim ZAV getrennt angeliefert und in die daf\u00fcr vorgesehenen Container eingelegt werden. Von hier aus gelangen sie zu verschiedenen Verwertungsbetrieben.<\/p>\n<p>Dort erfolgt eine Zerlegung der Wertstoffe in deren Ausgangsmaterialien. Sie gelangen als vermarktungsf\u00e4hige Sekund\u00e4rrohstoffe zur Herstellung neuer Produkte zur\u00fcck in den Rohstoffkreislauf. Ressourcen werden geschont und Abf\u00e4lle vermieden.<\/p>\n<p>Durch die Abfalltrennung erfolgt auch ein Ausschleusen von Schadstoffen aus dem Stoffkreislauf. So k\u00f6nnen diese nicht in die Umwelt gelangen. Diese Problemstoffe, von denen eine Gef\u00e4hrlichkeit f\u00fcr Mensch und Umwelt anzunehmen ist, werden einer gesonderten Behandlung zugef\u00fchrt.<\/p>\n<p>Eine thermische Verwertung erfolgt gem\u00e4\u00df den gesetzlichen Vorgaben bei Abf\u00e4llen, deren stoffliche Verwertung nicht m\u00f6glich ist. Anstatt der Verbrennung fossiler Brennstoffe wie \u00d6l, Kohle und Gas erfolgt eine Nutzung der Abf\u00e4lle als Ersatzbrennstoff zur Energieerzeugung in Verbrennungsanlagen.<\/p>\n<p>Mineralische Abf\u00e4lle, bei denen weder eine stoffliche noch eine thermische Verwertung m\u00f6glich ist, k\u00f6nnen deponiert werden.<\/p>\n<p><a href=\"https:\/\/www.zav-rt-tue.de\/?page_id=282\">Eine Anleitung wie die Anlieferung auf unseren Wertstoffh\u00f6fen m\u00f6glichst reibungslos und schnell verl\u00e4uft finden Sie hier<\/a>.<\/p>\n<p>[\/et_pb_toggle][\/et_pb_column][\/et_pb_row][\/et_pb_section][et_pb_section fb_built=&#8220;1&#8243; _builder_version=&#8220;4.16&#8243; min_height=&#8220;328px&#8220; custom_padding=&#8220;0px||0px|||&#8220; global_colors_info=&#8220;{}&#8220;][et_pb_row use_custom_gutter=&#8220;on&#8220; _builder_version=&#8220;4.16&#8243; width=&#8220;100%&#8220; global_colors_info=&#8220;{}&#8220;][et_pb_column type=&#8220;4_4&#8243; _builder_version=&#8220;4.16&#8243; custom_padding=&#8220;|||&#8220; global_colors_info=&#8220;{}&#8220; custom_padding__hover=&#8220;|||&#8220;][et_pb_blurb title=&#8220;Bodenaushubdeponien&#8220; content_max_width=&#8220;1100px&#8220; module_id=&#8220;boden&#8220; _builder_version=&#8220;4.20.4&#8243; header_level=&#8220;h2&#8243; header_font=&#8220;||||||||&#8220; global_colors_info=&#8220;{}&#8220;][\/et_pb_blurb][\/et_pb_column][\/et_pb_row][et_pb_row _builder_version=&#8220;4.16&#8243; global_colors_info=&#8220;{}&#8220;][et_pb_column type=&#8220;4_4&#8243; _builder_version=&#8220;4.16&#8243; custom_padding=&#8220;|||&#8220; global_colors_info=&#8220;{}&#8220; custom_padding__hover=&#8220;|||&#8220;][et_pb_toggle title=&#8220;Landkreis T\u00fcbingen&#8220; _builder_version=&#8220;4.27.6&#8243; hover_enabled=&#8220;0&#8243; global_colors_info=&#8220;{}&#8220; sticky_enabled=&#8220;0&#8243;]<\/p>\n<p class=\"bodytext\">Der Zweckverband Abfallverwertung betreibt f\u00fcr den Landkreis T\u00fcbingen die Bodenaushubdeponien des Landkeises.<\/p>\n<p>Hier werden ausschlie\u00dflich Boden und Steine (AVV 170504) dem Landkreis T\u00fcbingen angenommen.<\/p>\n<p class=\"bodytext\">Der Betrieb ist abh\u00e4ngig von der jeweiligen Wettersituation und den jeweiligen Gegebenheiten auf den Bodenaushubdeponien. \u00d6ffnung und Einlass m\u00fcssen gegebenenfalls angepasst werden. Eine Anlieferung mit Sattelfahrzeugen und Fahrzeugen mit Anh\u00e4nger ist daher nicht jederzeit m\u00f6glich. Bitte erkundigen Sie sich vor Anlieferung beim ZAV (Tel.: 07072\/9188-50).<\/p>\n<p class=\"bodytext\">Mengen \u00fcber 100 to m\u00fcssen angemeldet werden (siehe Anmeldung von <a href=\"https:\/\/www.zav-rt-tue.de\/?page_id=426\">Bodenaushub<\/a>).<\/p>\n<p class=\"bodytext\">N\u00e4here Informationen zur Entsorgung von &#8222;Boden und Steine&#8220; und zum Ablauf der Anmeldung von Bodenaushub finden Sie hier:<\/p>\n<p class=\"bodytext\"><a href=\"https:\/\/www.zav-rt-tue.de\/wp-content\/uploads\/2026\/03\/Info-Erde-2026-ZAV.pdf\" rel=\"attachment noopener wp-att-3634\" target=\"_blank\">Infoblatt-Erde<\/a><a href=\"https:\/\/www.zav-rt-tue.de\/wp-content\/uploads\/2024\/12\/Info-Erde-2025-ZAV-1.pdf\"><\/a><\/p>\n<p><a href=\"https:\/\/www.zav-rt-tue.de\/wp-content\/uploads\/2026\/03\/Info-verunreinigte_Erde.pdf\" rel=\"attachment noopener noreferrer wp-att-145\" target=\"_blank\">Info verunreinigte Erde<\/a><\/p>\n<p><a href=\"https:\/\/www.zav-rt-tue.de\/?page_id=45\">Geb\u00fchrentabelle<\/a><\/p>\n<p class=\"bodytext\">F\u00fcr Bodenaushub aus der Stadt Rottenburg und Stadtteilen kann ab 200 m\u00b3 eine Sonder\u00f6ffnung der Deponie Steinbruch Baresel, Rottenburg vereinbart werden. Bitte wenden Sie sich dazu mindestens 1 Woche vorher an den ZAV.<\/p>\n<p class=\"bodytext\">Geb\u00fchren k\u00f6nnen in bar oder per <a href=\"https:\/\/www.zav-rt-tue.de\/wp-content\/uploads\/2026\/03\/SEPA_Lastschriftmandat_Selbstanlieferer_Erde.pdf\" rel=\"attachment noopener noreferrer wp-att-148\" target=\"_blank\">SEPA Lastschriftmandat Selbstanlieferer Erde<\/a>\u00a0(<a href=\"https:\/\/www.zav-rt-tue.de\/wp-content\/uploads\/2026\/03\/DSVGO_SEPA.pdf\" rel=\"attachment noopener noreferrer wp-att-414\" target=\"_blank\">DSVGO SEPA<\/a>) entrichtet werden.<\/p>\n<p>[\/et_pb_toggle][et_pb_toggle title=&#8220;Landkreis Reutlingen&#8220; _builder_version=&#8220;4.16&#8243; global_colors_info=&#8220;{}&#8220;]<\/p>\n<p class=\"bodytext\">Die Deponien, ihre Einzugsgebiete, \u00d6ffnungszeiten und Geb\u00fchren k\u00f6nnen beim Landratsamt Reutlingen, Abfallberatung erfragt werden.<\/p>\n<p class=\"bodytext\">Telefon: 07121\/480-3351<\/p>\n<p class=\"bodytext\">e-mail: abfallwirtschaft@kreis-reutlingen.de<\/p>\n<p class=\"bodytext\">Informationen hierzu gibt es auch auf der Internetseite des <a href=\"https:\/\/www.kreis-reutlingen.de\/Landratsamt\/Organisationseinheiten\/Abfallwirtschaft\/Abfallberatung\/Abfall-A-Z?awk-widget=abc&amp;awk-id=66509\">Landkreises Reutlingen<\/a><\/p>\n<p class=\"bodytext\">Weiterf\u00fchrende Informationen zu Bodenaushub finden Sie in unserem <a href=\"https:\/\/www.zav-rt-tue.de\/?page_id=79\">Abfall-ABC.<\/a><\/p>\n<p class=\"bodytext\">\n<p>[\/et_pb_toggle][\/et_pb_column][\/et_pb_row][\/et_pb_section][et_pb_section fb_built=&#8220;1&#8243; _builder_version=&#8220;4.16&#8243; custom_margin=&#8220;-34px|||||&#8220; global_colors_info=&#8220;{}&#8220;][et_pb_row use_custom_gutter=&#8220;on&#8220; _builder_version=&#8220;4.16&#8243; width=&#8220;100%&#8220; global_colors_info=&#8220;{}&#8220;][et_pb_column type=&#8220;4_4&#8243; _builder_version=&#8220;4.16&#8243; custom_padding=&#8220;|||&#8220; global_colors_info=&#8220;{}&#8220; custom_padding__hover=&#8220;|||&#8220;][et_pb_blurb title=&#8220;Deponien&#8220; content_max_width=&#8220;1100px&#8220; module_id=&#8220;aushub&#8220; _builder_version=&#8220;4.20.4&#8243; header_level=&#8220;h2&#8243; header_font=&#8220;||||||||&#8220; global_colors_info=&#8220;{}&#8220;][\/et_pb_blurb][\/et_pb_column][\/et_pb_row][et_pb_row _builder_version=&#8220;4.16&#8243; global_colors_info=&#8220;{}&#8220;][et_pb_column type=&#8220;4_4&#8243; _builder_version=&#8220;4.16&#8243; custom_padding=&#8220;|||&#8220; global_colors_info=&#8220;{}&#8220; custom_padding__hover=&#8220;|||&#8220;][et_pb_toggle title=&#8220;Deponie Du\u00dflingen Rahnsbachtal (DK II-Deponie)&#8220; _builder_version=&#8220;4.20.4&#8243; global_colors_info=&#8220;{}&#8220;]<\/p>\n<p>Im Steinig 61, 72144 Du\u00dflingen<\/p>\n<p>Der ZAV betreibt mit der Deponie Du\u00dflingen-Rahnsbachtal eine Deponie der Klasse II.<\/p>\n<p>S\u00e4mtliche Abf\u00e4lle, die hier abgelagert werden, m\u00fcssen die entsprechenden Zuordnungswerte (DK II) der Deponieverordnung einhalten. Dies ist vor der ersten Anlieferung durch eine grundlegende Charakterisierung nachzuweisen (\u00a7 8 DepV). Alle Abf\u00e4lle d\u00fcrfen einen Wassergehalt von 5 % nicht \u00fcberschreiten. Sie m\u00fcssen holraumarm einbaubar sein und d\u00fcrfen die Standfestigkeit der Deponie nicht beeintr\u00e4chtigen.<\/p>\n<p>Zur Deponierung von Abf\u00e4llen richten Sie Ihre Anfrage bitte an <a href=\"mailto:info@zav-rt-tue.de\">info@zav-rt-tue.de<\/a> oder rufen Sie uns unter <strong>07072\/9188-50 an.<\/strong><\/p>\n<p>[\/et_pb_toggle][et_pb_toggle title=&#8220;Altdeponien&#8220; _builder_version=&#8220;4.20.4&#8243; global_colors_info=&#8220;{}&#8220;]<\/p>\n<p>Bei diesen ehemaligen Deponien ist der Deponiebetrieb bereits seit l\u00e4ngerer Zeit eingestellt. Der ZAV betreibt im Auftrag der Landkreise Reutlingen und T\u00fcbingen weiterhin die Nachsorge, \u00dcberwachung und Rekultivierung dieser Deponien im Rahmen der gesetzlichen Auflagen.<\/p>\n<ul>\n<li><strong>Deponie Grube, M\u00f6ssingen<\/strong><\/li>\n<li><strong>Deponie Junge Weinberge, Oberndorf (Rottenburg)<\/strong><\/li>\n<li><strong>Deponie Mulde, M\u00f6ssingen<\/strong><\/li>\n<li><strong>Deponie Selchental, Pfullingen<\/strong><\/li>\n<li><strong>Deponie Schinderteich, Reutlingen<\/strong><\/li>\n<li><strong>Deponie Schwarzer Hau, Dettenhausen<\/strong><\/li>\n<li><strong>Deponie Schweinerain, T\u00fcbingen<\/strong><\/li>\n<li><strong>Deponie Wachtertal, Dettingen an der Erms<\/strong><\/li>\n<\/ul>\n<p>[\/et_pb_toggle][\/et_pb_column][\/et_pb_row][\/et_pb_section]<\/p>\n","protected":false},"excerpt":{"rendered":"<p>Wertstoffh\u00f6fe und DeponienDer ZAV betreibt die Wertstoffh\u00f6fe in Du\u00dflingen und Reutlingen sowie alle Problemstoffsammelstellen im Landkreis T\u00fcbingen. Detailinformationen zur Trennung und Anlieferung von Wertstoffen und Abf\u00e4llen finden Sie in unserem Abfall ABC. Wertstoffe m\u00fcssen beim ZAV getrennt angeliefert und in die daf\u00fcr vorgesehenen Container eingelegt werden. Von hier aus gelangen sie zu verschiedenen Verwertungsbetrieben. Dort [&hellip;]<\/p>\n","protected":false},"author":3,"featured_media":0,"parent":0,"menu_order":0,"comment_status":"closed","ping_status":"closed","template":"","meta":{"_et_pb_use_builder":"on","_et_pb_old_content":"","_et_gb_content_width":"","footnotes":""},"class_list":["post-411","page","type-page","status-publish","hentry"],"_links":{"self":[{"href":"https:\/\/www.zav-rt-tue.de\/index.php?rest_route=\/wp\/v2\/pages\/411","targetHints":{"allow":["GET"]}}],"collection":[{"href":"https:\/\/www.zav-rt-tue.de\/index.php?rest_route=\/wp\/v2\/pages"}],"about":[{"href":"https:\/\/www.zav-rt-tue.de\/index.php?rest_route=\/wp\/v2\/types\/page"}],"author":[{"embeddable":true,"href":"https:\/\/www.zav-rt-tue.de\/index.php?rest_route=\/wp\/v2\/users\/3"}],"replies":[{"embeddable":true,"href":"https:\/\/www.zav-rt-tue.de\/index.php?rest_route=%2Fwp%2Fv2%2Fcomments&post=411"}],"version-history":[{"count":64,"href":"https:\/\/www.zav-rt-tue.de\/index.php?rest_route=\/wp\/v2\/pages\/411\/revisions"}],"predecessor-version":[{"id":3897,"href":"https:\/\/www.zav-rt-tue.de\/index.php?rest_route=\/wp\/v2\/pages\/411\/revisions\/3897"}],"wp:attachment":[{"href":"https:\/\/www.zav-rt-tue.de\/index.php?rest_route=%2Fwp%2Fv2%2Fmedia&parent=411"}],"curies":[{"name":"wp","href":"https:\/\/api.w.org\/{rel}","templated":true}]}}