{"id":45,"date":"2018-04-17T21:14:37","date_gmt":"2018-04-17T19:14:37","guid":{"rendered":"https:\/\/www.zav-rt-tue.de\/?page_id=45"},"modified":"2026-03-24T17:35:42","modified_gmt":"2026-03-24T16:35:42","slug":"gebuehren","status":"publish","type":"page","link":"https:\/\/www.zav-rt-tue.de\/?page_id=45","title":{"rendered":"Geb\u00fchren"},"content":{"rendered":"<p>[et_pb_section fb_built=&#8220;1&#8243; _builder_version=&#8220;4.16&#8243; background_image=&#8220;https:\/\/www.zav-rt-tue.de\/wp-content\/uploads\/2019\/11\/Geb\u00fchren.jpg&#8220; custom_padding=&#8220;89.2px|0px|35px|0px|false|false&#8220; global_colors_info=&#8220;{}&#8220;][et_pb_row module_class=&#8220; et_pb_row_fullwidth&#8220; _builder_version=&#8220;4.16&#8243; width=&#8220;89%&#8220; width_tablet=&#8220;80%&#8220; width_phone=&#8220;&#8220; width_last_edited=&#8220;on|desktop&#8220; max_width=&#8220;89%&#8220; max_width_tablet=&#8220;80%&#8220; max_width_phone=&#8220;&#8220; max_width_last_edited=&#8220;on|desktop&#8220; custom_padding=&#8220;27px|0px|85px|0px|false|false&#8220; make_fullwidth=&#8220;on&#8220; global_colors_info=&#8220;{}&#8220;][et_pb_column type=&#8220;4_4&#8243; _builder_version=&#8220;4.16&#8243; custom_padding=&#8220;|||&#8220; global_colors_info=&#8220;{}&#8220; custom_padding__hover=&#8220;|||&#8220;][et_pb_text _builder_version=&#8220;4.16&#8243; header_text_align=&#8220;center&#8220; header_text_color=&#8220;#ffffff&#8220; header_font_size=&#8220;48px&#8220; header_font_size_tablet=&#8220;44px&#8220; header_font_size_phone=&#8220;32px&#8220; header_font_size_last_edited=&#8220;on|phone&#8220; global_colors_info=&#8220;{}&#8220;]<\/p>\n<h1>Geb\u00fchren<\/h1>\n<p>[\/et_pb_text][\/et_pb_column][\/et_pb_row][\/et_pb_section][et_pb_section fb_built=&#8220;1&#8243; admin_label=&#8220;section&#8220; _builder_version=&#8220;4.16&#8243; global_colors_info=&#8220;{}&#8220;][et_pb_row _builder_version=&#8220;4.16&#8243; min_height=&#8220;1208.4px&#8220; custom_margin=&#8220;|333px||254px||&#8220; custom_padding=&#8220;64px|0px|27px|0px|false|false&#8220; global_colors_info=&#8220;{}&#8220;][et_pb_column type=&#8220;4_4&#8243; _builder_version=&#8220;4.16&#8243; custom_padding=&#8220;|||&#8220; global_colors_info=&#8220;{}&#8220; custom_padding__hover=&#8220;|||&#8220;][et_pb_code _builder_version=&#8220;4.27.6&#8243; _module_preset=&#8220;default&#8220; hover_enabled=&#8220;0&#8243; sticky_enabled=&#8220;0&#8243;]<\/p>\n<style><!-- [et_pb_line_break_holder] -->.zav-fees-table {<!-- [et_pb_line_break_holder] -->  width: 100%;<!-- [et_pb_line_break_holder] -->  border-collapse: collapse;<!-- [et_pb_line_break_holder] -->  margin: 1.5rem 0;<!-- [et_pb_line_break_holder] -->}<!-- [et_pb_line_break_holder] -->.zav-fees-table caption {<!-- [et_pb_line_break_holder] -->  text-align: left;<!-- [et_pb_line_break_holder] -->  font-weight: 700;<!-- [et_pb_line_break_holder] -->  margin-bottom: 0.75rem;<!-- [et_pb_line_break_holder] -->}<!-- [et_pb_line_break_holder] -->.zav-fees-table th,<!-- [et_pb_line_break_holder] -->.zav-fees-table td {<!-- [et_pb_line_break_holder] -->  border: 1px solid #cfcfcf;<!-- [et_pb_line_break_holder] -->  padding: 10px 12px;<!-- [et_pb_line_break_holder] -->  text-align: left;<!-- [et_pb_line_break_holder] -->  vertical-align: top;<!-- [et_pb_line_break_holder] -->}<!-- [et_pb_line_break_holder] -->.zav-fees-table thead th {<!-- [et_pb_line_break_holder] -->  background: #f4f4f4;<!-- [et_pb_line_break_holder] -->}<!-- [et_pb_line_break_holder] -->.zav-fees-note {<!-- [et_pb_line_break_holder] -->  margin-top: 1rem;<!-- [et_pb_line_break_holder] -->}<!-- [et_pb_line_break_holder] -->@media (max-width: 767px) {<!-- [et_pb_line_break_holder] -->  .zav-fees-table {<!-- [et_pb_line_break_holder] -->    display: block;<!-- [et_pb_line_break_holder] -->    overflow-x: auto;<!-- [et_pb_line_break_holder] -->  }<!-- [et_pb_line_break_holder] -->}<!-- [et_pb_line_break_holder] --><\/style>\n<p><!-- [et_pb_line_break_holder] --><!-- [et_pb_line_break_holder] --><\/p>\n<h1>Geb\u00fchren<\/h1>\n<p><!-- [et_pb_line_break_holder] --><pee>Die folgenden Geb\u00fchren gelten ab dem 01.01.2024.<\/pee><!-- [et_pb_line_break_holder] --><!-- [et_pb_line_break_holder] --><\/p>\n<table class=\"zav-fees-table\"><!-- [et_pb_line_break_holder] -->  <\/p>\n<caption>Geb\u00fchren\u00fcbersicht f\u00fcr Anlieferungen<\/caption>\n<p><!-- [et_pb_line_break_holder] -->  <\/p>\n<thead><!-- [et_pb_line_break_holder] -->    <\/p>\n<tr><!-- [et_pb_line_break_holder] -->      <\/p>\n<th scope=\"col\">Abfallart<\/th>\n<p><!-- [et_pb_line_break_holder] -->      <\/p>\n<th scope=\"col\">Bis zu 0,5 m\u00b3, 1x pro Tag (Euro je Einheit)<\/th>\n<p><!-- [et_pb_line_break_holder] -->      <\/p>\n<th scope=\"col\">Mehr als 0,5 m\u00b3 und unter 200 kg (Euro je Einheit)<\/th>\n<p><!-- [et_pb_line_break_holder] -->      <\/p>\n<th scope=\"col\">Ab 200 kg (Euro pro Tonne)<\/th>\n<p><!-- [et_pb_line_break_holder] -->    <\/tr>\n<p><!-- [et_pb_line_break_holder] -->  <\/thead>\n<p><!-- [et_pb_line_break_holder] -->  <\/p>\n<tbody><!-- [et_pb_line_break_holder] -->    <\/p>\n<tr><!-- [et_pb_line_break_holder] -->      <\/p>\n<th scope=\"row\">Bauschutt oder verunreinigter Bodenaushub zur Beseitigung<\/th>\n<p><!-- [et_pb_line_break_holder] -->      <\/p>\n<td>20,00<\/td>\n<p><!-- [et_pb_line_break_holder] -->      <\/p>\n<td>\u2013<\/td>\n<p><!-- [et_pb_line_break_holder] -->      <\/p>\n<td>118,00<\/td>\n<p><!-- [et_pb_line_break_holder] -->    <\/tr>\n<p><!-- [et_pb_line_break_holder] -->    <\/p>\n<tr><!-- [et_pb_line_break_holder] -->      <\/p>\n<th scope=\"row\">Bio-, Garten- und Parkabf\u00e4lle<\/th>\n<p><!-- [et_pb_line_break_holder] -->      <\/p>\n<td>20,00<\/td>\n<p><!-- [et_pb_line_break_holder] -->      <\/p>\n<td>20,00<\/td>\n<p><!-- [et_pb_line_break_holder] -->      <\/p>\n<td>129,00<\/td>\n<p><!-- [et_pb_line_break_holder] -->    <\/tr>\n<p><!-- [et_pb_line_break_holder] -->    <\/p>\n<tr><!-- [et_pb_line_break_holder] -->      <\/p>\n<th scope=\"row\">Elektro- und Elektronikger\u00e4teschrott<\/th>\n<p><!-- [et_pb_line_break_holder] -->      <\/p>\n<td>0,00<\/td>\n<p><!-- [et_pb_line_break_holder] -->      <\/p>\n<td>0,00<\/td>\n<p><!-- [et_pb_line_break_holder] -->      <\/p>\n<td>0,00<\/td>\n<p><!-- [et_pb_line_break_holder] -->    <\/tr>\n<p><!-- [et_pb_line_break_holder] -->    <\/p>\n<tr><!-- [et_pb_line_break_holder] -->      <\/p>\n<th scope=\"row\">Flachglas \/ Fenster<\/th>\n<p><!-- [et_pb_line_break_holder] -->      <\/p>\n<td>20,00<\/td>\n<p><!-- [et_pb_line_break_holder] -->      <\/p>\n<td>28,00<\/td>\n<p><!-- [et_pb_line_break_holder] -->      <\/p>\n<td>179,00<\/td>\n<p><!-- [et_pb_line_break_holder] -->    <\/tr>\n<p><!-- [et_pb_line_break_holder] -->    <\/p>\n<tr><!-- [et_pb_line_break_holder] -->      <\/p>\n<th scope=\"row\">Gewerbe-Haus- und Sperrm\u00fcll<\/th>\n<p><!-- [et_pb_line_break_holder] -->      <\/p>\n<td>20,00<\/td>\n<p><!-- [et_pb_line_break_holder] -->      <\/p>\n<td>39,00<\/td>\n<p><!-- [et_pb_line_break_holder] -->      <\/p>\n<td>394,00<\/td>\n<p><!-- [et_pb_line_break_holder] -->    <\/tr>\n<p><!-- [et_pb_line_break_holder] -->    <\/p>\n<tr><!-- [et_pb_line_break_holder] -->      <\/p>\n<th scope=\"row\">H\u00e4ckselgut<\/th>\n<p><!-- [et_pb_line_break_holder] -->      <\/p>\n<td>9,00<\/td>\n<p><!-- [et_pb_line_break_holder] -->      <\/p>\n<td>9,00<\/td>\n<p><!-- [et_pb_line_break_holder] -->      <\/p>\n<td>64,00<\/td>\n<p><!-- [et_pb_line_break_holder] -->    <\/tr>\n<p><!-- [et_pb_line_break_holder] -->    <\/p>\n<tr><!-- [et_pb_line_break_holder] -->      <\/p>\n<th scope=\"row\">Kunststoffe<\/th>\n<p><!-- [et_pb_line_break_holder] -->      <\/p>\n<td>20,00<\/td>\n<p><!-- [et_pb_line_break_holder] -->      <\/p>\n<td>39,00<\/td>\n<p><!-- [et_pb_line_break_holder] -->      <\/p>\n<td>394,00<\/td>\n<p><!-- [et_pb_line_break_holder] -->    <\/tr>\n<p><!-- [et_pb_line_break_holder] -->    <\/p>\n<tr><!-- [et_pb_line_break_holder] -->      <\/p>\n<th scope=\"row\">Holz<\/th>\n<p><!-- [et_pb_line_break_holder] -->      <\/p>\n<td>20,00<\/td>\n<p><!-- [et_pb_line_break_holder] -->      <\/p>\n<td>26,00<\/td>\n<p><!-- [et_pb_line_break_holder] -->      <\/p>\n<td>165,00<\/td>\n<p><!-- [et_pb_line_break_holder] -->    <\/tr>\n<p><!-- [et_pb_line_break_holder] -->    <\/p>\n<tr><!-- [et_pb_line_break_holder] -->      <\/p>\n<th scope=\"row\">Inerte Abf\u00e4lle<\/th>\n<p><!-- [et_pb_line_break_holder] -->      <\/p>\n<td>20,00<\/td>\n<p><!-- [et_pb_line_break_holder] -->      <\/p>\n<td>\u2013<\/td>\n<p><!-- [et_pb_line_break_holder] -->      <\/p>\n<td>118,00<\/td>\n<p><!-- [et_pb_line_break_holder] -->    <\/tr>\n<p><!-- [et_pb_line_break_holder] -->    <\/p>\n<tr><!-- [et_pb_line_break_holder] -->      <\/p>\n<th scope=\"row\">Metallschrott<\/th>\n<p><!-- [et_pb_line_break_holder] -->      <\/p>\n<td>0,00<\/td>\n<p><!-- [et_pb_line_break_holder] -->      <\/p>\n<td>0,00<\/td>\n<p><!-- [et_pb_line_break_holder] -->      <\/p>\n<td>0,00<\/td>\n<p><!-- [et_pb_line_break_holder] -->    <\/tr>\n<p><!-- [et_pb_line_break_holder] -->    <\/p>\n<tr><!-- [et_pb_line_break_holder] -->      <\/p>\n<th scope=\"row\">Mineralwolle<\/th>\n<p><!-- [et_pb_line_break_holder] -->      <\/p>\n<td>20,00<\/td>\n<p><!-- [et_pb_line_break_holder] -->      <\/p>\n<td>59,00<\/td>\n<p><!-- [et_pb_line_break_holder] -->      <\/p>\n<td>378,00<\/td>\n<p><!-- [et_pb_line_break_holder] -->    <\/tr>\n<p><!-- [et_pb_line_break_holder] -->    <\/p>\n<tr><!-- [et_pb_line_break_holder] -->      <\/p>\n<th scope=\"row\">Papier \/ Pappe<\/th>\n<p><!-- [et_pb_line_break_holder] -->      <\/p>\n<td>11,00<\/td>\n<p><!-- [et_pb_line_break_holder] -->      <\/p>\n<td>11,00<\/td>\n<p><!-- [et_pb_line_break_holder] -->      <\/p>\n<td>70,00<\/td>\n<p><!-- [et_pb_line_break_holder] -->    <\/tr>\n<p><!-- [et_pb_line_break_holder] -->    <\/p>\n<tr><!-- [et_pb_line_break_holder] -->      <\/p>\n<th scope=\"row\">Problemstoffe<\/th>\n<p><!-- [et_pb_line_break_holder] -->      <\/p>\n<td>0,00<\/td>\n<p><!-- [et_pb_line_break_holder] -->      <\/p>\n<td>0,00<\/td>\n<p><!-- [et_pb_line_break_holder] -->      <\/p>\n<td>0,00<\/td>\n<p><!-- [et_pb_line_break_holder] -->    <\/tr>\n<p><!-- [et_pb_line_break_holder] -->    <\/p>\n<tr><!-- [et_pb_line_break_holder] -->      <\/p>\n<th scope=\"row\">Restm\u00fcll<\/th>\n<p><!-- [et_pb_line_break_holder] -->      <\/p>\n<td>20,00<\/td>\n<p><!-- [et_pb_line_break_holder] -->      <\/p>\n<td>39,00<\/td>\n<p><!-- [et_pb_line_break_holder] -->      <\/p>\n<td>394,00<\/td>\n<p><!-- [et_pb_line_break_holder] -->    <\/tr>\n<p><!-- [et_pb_line_break_holder] -->  <\/tbody>\n<p><!-- [et_pb_line_break_holder] --><\/table>\n<p><!-- [et_pb_line_break_holder] --><!-- [et_pb_line_break_holder] --><pee class=\"zav-fees-note\"><strong>Hinweis zu Alt\u00f6l:<\/strong> Nicht verunreinigtes Alt\u00f6l wird zu 1,00 \u20ac pro Liter angenommen, maximal 5 Liter. Die Annahme ist nur am Wertstoffhof Schinderteich Reutlingen m\u00f6glich.<\/pee><!-- [et_pb_line_break_holder] --><!-- [et_pb_line_break_holder] --><pee class=\"zav-fees-note\"><strong>Hinweis:<\/strong> 0,5 m\u00b3 entsprechen 1 m Breite, 1 m L\u00e4nge und 0,5 m H\u00f6he.<\/pee><!-- [et_pb_line_break_holder] --><!-- [et_pb_line_break_holder] --><pee class=\"zav-fees-note\">F\u00fcr nicht verunreinigten Bodenaushub sind Geb\u00fchren ab dem 01.01.2025 von 11,80 \u20ac pro angefangene Tonne zu entrichten. Dieser kann auf den Bodenaushubdeponien Schinderklinge, Kusterdingen, und der Deponie Steinbruch Baresel, Rottenburg, entsorgt werden. Auf diesen Deponien ist ausschlie\u00dflich Bodenaushub aus den genannten Einzugsbereichen zugelassen.<\/pee>[\/et_pb_code][\/et_pb_column][\/et_pb_row][et_pb_row _builder_version=&#8220;4.16&#8243; min_height=&#8220;1208.4px&#8220; custom_margin=&#8220;|333px||254px||&#8220; custom_padding=&#8220;64px|0px|27px|0px|false|false&#8220; global_colors_info=&#8220;{}&#8220; disabled_on=&#8220;on|on|on&#8220; disabled=&#8220;on&#8220;][et_pb_column type=&#8220;4_4&#8243; _builder_version=&#8220;4.16&#8243; custom_padding=&#8220;|||&#8220; global_colors_info=&#8220;{}&#8220; custom_padding__hover=&#8220;|||&#8220;][et_pb_blurb title=&#8220;Geb\u00fchren&#8220; content_max_width=&#8220;1100px&#8220; _builder_version=&#8220;4.27.6&#8243; header_level=&#8220;h2&#8243; header_font=&#8220;||||||||&#8220; width=&#8220;100%&#8220; custom_css_main_element=&#8220;@media only screen and (max-width: 840px) {||table.responsive {||margin-bottom: 0;||overflow: hidden;||overflow-x: scroll;||display: block;||white-space: nowrap;||}||}||&#8220; global_colors_info=&#8220;{}&#8220;]<\/p>\n<p><em><span style=\"color: #000000; font-size: small;\">\u00a0(Die folgenden Geb\u00fchren gelten ab dem 01.01.2024)<\/span><br \/><\/em><\/p>\n<table width=\"1133\" height=\"692\">\n<tbody>\n<tr>\n<td style=\"width: 401.367px;\">Abfall<\/td>\n<td style=\"width: 214.417px;\">\n<p>&nbsp;<\/p>\n<p>Bis zu 0,5 m\u00b3<sup> <\/sup>bezahlen Sie<\/p>\n<p><strong>\u00a01x pro Tag<\/strong><\/p>\n<p><strong>\u20ac<\/strong>\/ Einheit<\/p>\n<\/td>\n<td style=\"width: 214.417px;\">\n<p>Bei mehr als 0,5 m\u00b3 und unter 200 kg bezahlen Sie<\/p>\n<p><strong><\/strong><\/p>\n<p><strong><\/strong><\/p>\n<p><strong>\u20ac<\/strong>\/ Einheit<\/p>\n<\/td>\n<td style=\"width: 248.8px;\">\n<p>Ab 200 kg wird Ihre Anlieferung gewogen und Sie bezahlen<\/p>\n<p><strong><\/strong><\/p>\n<p><strong><\/strong><\/p>\n<p><strong>\u20ac<\/strong>\/ Tonne<\/p>\n<\/td>\n<\/tr>\n<tr>\n<td style=\"width: 401.367px;\">Bauschutt oder verunreinigter Bodenaushub zur Beseitigung<\/td>\n<td style=\"width: 214.417px;\">20,00<\/td>\n<td style=\"width: 214.417px;\">_____<\/td>\n<td style=\"width: 248.8px;\">118,00<\/td>\n<\/tr>\n<tr>\n<td style=\"width: 401.367px;\">Bio-, Garten- und Parkabf\u00e4lle<\/td>\n<td style=\"width: 214.417px;\">20,00<\/td>\n<td style=\"width: 214.417px;\">20,00<\/td>\n<td style=\"width: 248.8px;\">129,00<\/td>\n<\/tr>\n<tr>\n<td style=\"width: 401.367px;\">Elektro- und Elektronikger\u00e4teschrott<\/td>\n<td style=\"width: 214.417px;\">\u00a0 0,00<\/td>\n<td style=\"width: 214.417px;\">\u00a0 0,00<\/td>\n<td style=\"width: 248.8px;\">\u00a0 \u00a0 0,00<\/td>\n<\/tr>\n<tr>\n<td style=\"width: 401.367px;\">Flachglas\/Fenster<\/td>\n<td style=\"width: 214.417px;\">20,00<\/td>\n<td style=\"width: 214.417px;\">28,00<\/td>\n<td style=\"width: 248.8px;\">179,00<\/td>\n<\/tr>\n<tr>\n<td style=\"width: 401.367px;\">Gewerbe-Haus- und Sperrm\u00fcll<\/td>\n<td style=\"width: 214.417px;\">20,00<\/td>\n<td style=\"width: 214.417px;\">39,00<\/td>\n<td style=\"width: 248.8px;\">394,00<\/td>\n<\/tr>\n<tr>\n<td style=\"width: 401.367px;\">H\u00e4ckselgut<\/td>\n<td style=\"width: 214.417px;\">9,00<\/td>\n<td style=\"width: 214.417px;\">\u00a0 9,00<\/td>\n<td style=\"width: 248.8px;\">\u00a0 64,00<\/td>\n<\/tr>\n<tr>\n<td style=\"width: 401.367px;\">Kunststoffe<\/td>\n<td style=\"width: 214.417px;\">20,00<\/td>\n<td style=\"width: 214.417px;\">39,00<\/td>\n<td style=\"width: 248.8px;\">394,00<\/td>\n<\/tr>\n<tr>\n<td style=\"width: 401.367px;\">Holz<\/td>\n<td style=\"width: 214.417px;\">20,00<\/td>\n<td style=\"width: 214.417px;\">26,00<\/td>\n<td style=\"width: 248.8px;\">165,00<\/td>\n<\/tr>\n<tr>\n<td style=\"width: 401.367px;\">Inerte Abf\u00e4lle<\/td>\n<td style=\"width: 214.417px;\">20,00<\/td>\n<td style=\"width: 214.417px;\">_____<\/td>\n<td style=\"width: 248.8px;\">118,00<\/td>\n<\/tr>\n<tr>\n<td style=\"width: 401.367px;\">Metallschrott<\/td>\n<td style=\"width: 214.417px;\">\u00a0 0,00<\/td>\n<td style=\"width: 214.417px;\">\u00a0 0,00<\/td>\n<td style=\"width: 248.8px;\">\u00a0\u00a0\u00a0 0,00<\/td>\n<\/tr>\n<tr>\n<td style=\"width: 401.367px;\">Mineralwolle<\/td>\n<td style=\"width: 214.417px;\">20,00<\/td>\n<td style=\"width: 214.417px;\">59,00<\/td>\n<td style=\"width: 248.8px;\">378,00<\/td>\n<\/tr>\n<tr>\n<td style=\"width: 401.367px;\">Papier\/Pappe<\/td>\n<td style=\"width: 214.417px;\">11,00<\/td>\n<td style=\"width: 214.417px;\">11,00<\/td>\n<td style=\"width: 248.8px;\">\u00a0 70,00<\/td>\n<\/tr>\n<tr>\n<td style=\"width: 401.367px;\">Problemstoffe<\/td>\n<td style=\"width: 214.417px;\">\u00a0 0,00<\/td>\n<td style=\"width: 214.417px;\">\u00a0 0,00<\/td>\n<td style=\"width: 248.8px;\">\u00a0 \u00a0 0,00<\/td>\n<\/tr>\n<tr>\n<td style=\"width: 401.367px;\">Restm\u00fcll<\/td>\n<td style=\"width: 214.417px;\">20,00<\/td>\n<td style=\"width: 214.417px;\">39,00<\/td>\n<td style=\"width: 248.8px;\">394,00<\/td>\n<\/tr>\n<tr>\n<td style=\"width: 401.367px;\">Alt\u00f6l (nicht verunreinigt zu 1,00 \u20ac\/l, max. 5l)<\/td>\n<td style=\"width: 214.417px;\">Annahme nur am Wertstoffhof Schinderteich Reutlingen m\u00f6glich!<\/td>\n<td style=\"width: 214.417px;\"><\/td>\n<td style=\"width: 248.8px;\"><\/td>\n<\/tr>\n<\/tbody>\n<\/table>\n<p style=\"text-align: left;\"><span style=\"font-size: x-small;\">\u00a0\u00a0\u00a0\u00a0\u00a0\u00a0\u00a0\u00a0\u00a0\u00a0\u00a0\u00a0\u00a0\u00a0\u00a0\u00a0\u00a0\u00a0\u00a0\u00a0\u00a0\u00a0\u00a0\u00a0\u00a0\u00a0\u00a0\u00a0\u00a0\u00a0\u00a0\u00a0\u00a0\u00a0\u00a0\u00a0\u00a0\u00a0\u00a0\u00a0\u00a0\u00a0\u00a0\u00a0\u00a0\u00a0\u00a0\u00a0\u00a0\u00a0\u00a0\u00a0\u00a0\u00a0\u00a0\u00a0\u00a0\u00a0\u00a0\u00a0\u00a0\u00a0\u00a0\u00a0\u00a0\u00a0\u00a0\u00a0\u00a0\u00a0\u00a0\u00a0\u00a0\u00a0\u00a0\u00a0\u00a0\u00a0\u00a0\u00a0\u00a0\u00a0\u00a0\u00a0\u00a0\u00a0\u00a0\u00a0\u00a0\u00a0\u00a0\u00a0\u00a0\u00a0\u00a0\u00a0\u00a0\u00a0\u00a0\u00a0\u00a0\u00a0\u00a0\u00a0\u00a0\u00a0\u00a0\u00a0\u00a0\u00a0\u00a0\u00a0\u00a0\u00a0\u00a0\u00a0\u00a0\u00a0\u00a0\u00a0\u00a0\u00a0\u00a0\u00a0\u00a0\u00a0\u00a0\u00a0\u00a0\u00a0\u00a0\u00a0\u00a0\u00a0\u00a0 \u00a0 \u00a0 \u00a0 \u00a0 \u00a0 \u00a0 \u00a0 \u00a0 \u00a0 \u00a0 \u00a0 \u00a0 \u00a0 \u00a0 \u00a0 \u00a0 \u00a0 \u00a0 \u00a0 \u00a0 \u00a0 \u00a0 \u00a0 \u00a0 \u00a0 \u00a0 \u00a0 \u00a0 \u00a0 \u00a0 \u00a0\u00a0 \u00a0\u00a0\u00a0\u00a0\u00a0\u00a0\u00a0\u00a0\u00a0\u00a0\u00a0\u00a0\u00a0\u00a0\u00a0\u00a0\u00a0\u00a0\u00a0\u00a0\u00a0\u00a0\u00a0\u00a0\u00a0\u00a0\u00a0\u00a0\u00a0\u00a0\u00a0\u00a0\u00a0\u00a0\u00a0\u00a0\u00a0\u00a0\u00a0 Beachten Sie bitte:<\/span><span style=\"font-size: x-small;\"><\/span><span style=\"font-size: x-small;\"> \u00a0\u00a0\u00a0\u00a0\u00a0\u00a0\u00a0\u00a0\u00a0\u00a0\u00a0\u00a0\u00a0\u00a0\u00a0\u00a0\u00a0\u00a0\u00a0\u00a0\u00a0\u00a0\u00a0\u00a0\u00a0\u00a0\u00a0\u00a0\u00a0\u00a0\u00a0\u00a0\u00a0\u00a0\u00a0\u00a0\u00a0\u00a0\u00a0\u00a0\u00a0\u00a0\u00a0\u00a0\u00a0\u00a0\u00a0\u00a0\u00a0\u00a0\u00a0\u00a0\u00a0\u00a0\u00a0\u00a0\u00a0\u00a0\u00a0\u00a0\u00a0\u00a0\u00a0\u00a0\u00a0\u00a0\u00a0\u00a0\u00a0\u00a0\u00a0\u00a0\u00a0\u00a0\u00a0\u00a0\u00a0\u00a0\u00a0\u00a0\u00a0\u00a0\u00a0\u00a0\u00a0\u00a0\u00a0\u00a0\u00a0\u00a0\u00a0\u00a0\u00a0\u00a0\u00a0\u00a0\u00a0\u00a0\u00a0\u00a0\u00a0\u00a0\u00a0\u00a0\u00a0\u00a0\u00a0\u00a0\u00a0\u00a0\u00a0\u00a0\u00a0\u00a0\u00a0\u00a0\u00a0\u00a0\u00a0\u00a0\u00a0\u00a0\u00a0\u00a0\u00a0\u00a0 \u00a0 \u00a0 \u00a0 \u00a0 \u00a0 \u00a0 \u00a0 \u00a0 \u00a0 \u00a0 \u00a0 \u00a0 \u00a0 \u00a0 \u00a0 \u00a0 \u00a0 \u00a0 \u00a0 \u00a0 \u00a0 \u00a0 \u00a0 \u00a0 \u00a0 \u00a0 \u00a0 \u00a0 \u00a0 \u00a0 \u00a0 \u00a0 \u00a0 \u00a0 \u00a0\u00a0\u00a0\u00a0\u00a0\u00a0\u00a0\u00a0\u00a0\u00a0\u00a0\u00a0\u00a0\u00a0\u00a0\u00a0\u00a0\u00a0\u00a0\u00a0\u00a0\u00a0\u00a0\u00a0\u00a0\u00a0\u00a0\u00a0\u00a0\u00a0\u00a0\u00a0\u00a0\u00a0\u00a0\u00a0\u00a0\u00a0\u00a0\u00a0\u00a0\u00a0\u00a0\u00a0\u00a0\u00a0\u00a0\u00a0\u00a0\u00a0\u00a0\u00a0\u00a0\u00a0\u00a0\u00a0\u00a0\u00a0\u00a0\u00a0\u00a0\u00a0\u00a0\u00a0\u00a0\u00a0\u00a0\u00a0\u00a0\u00a0\u00a0\u00a0\u00a0\u00a0\u00a0\u00a0\u00a0\u00a0\u00a0\u00a0\u00a0\u00a0\u00a0\u00a0\u00a0\u00a0\u00a0\u00a0\u00a0\u00a0\u00a0\u00a0\u00a0\u00a0\u00a0\u00a0\u00a0\u00a0\u00a0\u00a0\u00a0\u00a0\u00a0\u00a0\u00a0\u00a0\u00a0\u00a0\u00a0\u00a0\u00a0\u00a0\u00a0\u00a0\u00a0\u00a0\u00a0\u00a0\u00a0\u00a0\u00a0\u00a0\u00a0\u00a0\u00a0\u00a0\u00a0\u00a0\u00a0\u00a0\u00a0\u00a0\u00a0\u00a0\u00a0\u00a0\u00a0\u00a0\u00a0\u00a0\u00a0\u00a0\u00a0\u00a0\u00a0\u00a0\u00a0\u00a0\u00a0\u00a0\u00a0\u00a0\u00a0\u00a0\u00a0\u00a0\u00a0\u00a0\u00a0\u00a0\u00a0\u00a0\u00a0\u00a0\u00a0 \u00a0 \u00a0 \u00a0 \u00a0 \u00a0 \u00a0 \u00a0 \u00a0 \u00a0 \u00a0\u00a0 0,5m\u00b3\u00a0 sind 1 m breit, 1 m lang und 0,5 Meter hoch.<\/span><\/p>\n<p>\u00a0\u00a0\u00a0\u00a0\u00a0\u00a0\u00a0\u00a0\u00a0\u00a0\u00a0\u00a0\u00a0\u00a0\u00a0\u00a0\u00a0\u00a0\u00a0\u00a0\u00a0\u00a0\u00a0\u00a0\u00a0\u00a0\u00a0\u00a0\u00a0\u00a0\u00a0\u00a0\u00a0\u00a0\u00a0\u00a0\u00a0\u00a0\u00a0\u00a0\u00a0\u00a0\u00a0\u00a0\u00a0\u00a0\u00a0\u00a0\u00a0\u00a0\u00a0\u00a0\u00a0\u00a0\u00a0\u00a0\u00a0\u00a0\u00a0\u00a0\u00a0\u00a0\u00a0\u00a0\u00a0\u00a0\u00a0\u00a0\u00a0\u00a0\u00a0\u00a0\u00a0\u00a0\u00a0\u00a0\u00a0\u00a0\u00a0\u00a0\u00a0\u00a0\u00a0\u00a0\u00a0\u00a0\u00a0\u00a0\u00a0\u00a0\u00a0\u00a0\u00a0\u00a0\u00a0\u00a0\u00a0\u00a0\u00a0\u00a0\u00a0\u00a0 \u00a0 \u00a0 \u00a0 \u00a0 \u00a0 \u00a0 \u00a0 \u00a0\u00a0 \u00a0\u00a0\u00a0\u00a0\u00a0\u00a0\u00a0\u00a0\u00a0\u00a0\u00a0 \u00a0 \u00a0 \u00a0 \u00a0\u00a0 \u00a0 \u00a0 \u00a0 \u00a0 \u00a0 \u00a0 \u00a0 \u00a0 \u00a0 \u00a0 \u00a0 \u00a0\u00a0 \u00a0\u00a0\u00a0\u00a0 <img loading=\"lazy\" decoding=\"async\" src=\"https:\/\/www.zav-rt-tue.de\/wp-content\/uploads\/2019\/05\/Kubikmeter.jpg\" alt=\"\" class=\"wp-image-263 alignnone size-full\" width=\"164\" height=\"92\" \/><\/p>\n<p><strong><span style=\"font-size: medium;\">F\u00fcr nicht verunreinigten Bodenaushub sind Geb\u00fchren ab dem 01.01.2025 von 11,80 \u20ac pro angefangene Tonne zu entrichten. Dieser kann auf den Bodenaushubdeponien Schinderklinge, Kusterdingen (Einzugsbereich Landkreis T\u00fcbingen) und der Deponie Steinbruch Baresel, Rottenburg (Einzugsbereich Stadt Rottenburg) entsorgt werden.<\/span><\/strong><\/p>\n<p><strong><span style=\"font-size: medium;\">Auf diesen Deponien ist ausschlie\u00dflich Bodenaushub aus den genannten Einzugsbereichen zugelassen.<\/span><\/strong><\/p>\n<p>[\/et_pb_blurb][\/et_pb_column][\/et_pb_row][\/et_pb_section]<\/p>\n","protected":false},"excerpt":{"rendered":"<p>Geb\u00fchren\u00a0(Die folgenden Geb\u00fchren gelten ab dem 01.01.2024) Abfall &nbsp; Bis zu 0,5 m\u00b3 bezahlen Sie \u00a01x pro Tag \u20ac\/ Einheit Bei mehr als 0,5 m\u00b3 und unter 200 kg bezahlen Sie \u20ac\/ Einheit Ab 200 kg wird Ihre Anlieferung gewogen und Sie bezahlen \u20ac\/ Tonne Bauschutt oder verunreinigter Bodenaushub zur Beseitigung 20,00 _____ 118,00 Bio-, [&hellip;]<\/p>\n","protected":false},"author":3,"featured_media":0,"parent":0,"menu_order":0,"comment_status":"closed","ping_status":"closed","template":"","meta":{"_et_pb_use_builder":"on","_et_pb_old_content":"[vc_row][vc_column][ultimate_spacer height=\"20\"][vc_column_text]<em>Der Zweckverband Abfallverwertung Reutlingen\/T\u00fcbingen freut sich auf Ihren Besuch. F\u00fcr eine reibungslose Anlieferung erhalten Sie hier alle notwendigen Infos.<\/em>[\/vc_column_text][vc_column_text]\r\n<h3>Geb\u00fchrentabelle<\/h3>\r\n<em>Die folgenden Geb\u00fchren gelten f\u00fcr das Entsorgungszentrum Du\u00dflingen, sowie f\u00fcr den Wertstoffhof Schinderteich in Reutlingen\u00a0<\/em>[\/vc_column_text][vc_single_image image=\"60\" img_size=\"full\" onclick=\"link_image\"][vc_column_text]<em>Achtung! Die Geb\u00fchren f\u00fcr Bauschutt zur Beseitigung UND zur Verwertung gelten NICHT f\u00fcr Bauschutt aus dem Landkreis Reutlingen!<\/em>\r\n\r\n<em>Hier bitte an die Technischen Betriebsdienste der Stadt Reutlingen oder an das Abfallwirtschaftsamt des Landkreises Reutlingen wenden. <\/em>[\/vc_column_text][vc_column_text]\r\n<h5><em>Erddeponien\/Bodenaushub aus dem Landkreis T\u00fcbingen<\/em><\/h5>\r\n[\/vc_column_text][vc_column_text]\r\n<table class=\" aligncenter\" style=\"height: 128px;\" width=\"493\">\r\n<tbody>\r\n<tr>\r\n<td width=\"243\"><em>Erddeponie Schinderklinge, Kusterdingen<\/em><\/td>\r\n<td width=\"163\"><em>6,50 \u20ac \/ Tonne<\/em><\/td>\r\n<\/tr>\r\n<tr>\r\n<td width=\"243\"><em>Erddeponie Steinbruch Baresel, Rottenburg<\/em><\/td>\r\n<td width=\"163\"><em>6,50 \u20ac \/ Tonne<\/em><\/td>\r\n<\/tr>\r\n<\/tbody>\r\n<\/table>\r\n[\/vc_column_text][vc_column_text]<em>F\u00fcr Bodenaushub aus dem Landkreis Reutlingen wenden Sie sich bitte an das Abfallwirtschaftsamt des Landkreises Reutlingen.<\/em>[\/vc_column_text][\/vc_column][\/vc_row]","_et_gb_content_width":"","footnotes":""},"class_list":["post-45","page","type-page","status-publish","hentry"],"_links":{"self":[{"href":"https:\/\/www.zav-rt-tue.de\/index.php?rest_route=\/wp\/v2\/pages\/45","targetHints":{"allow":["GET"]}}],"collection":[{"href":"https:\/\/www.zav-rt-tue.de\/index.php?rest_route=\/wp\/v2\/pages"}],"about":[{"href":"https:\/\/www.zav-rt-tue.de\/index.php?rest_route=\/wp\/v2\/types\/page"}],"author":[{"embeddable":true,"href":"https:\/\/www.zav-rt-tue.de\/index.php?rest_route=\/wp\/v2\/users\/3"}],"replies":[{"embeddable":true,"href":"https:\/\/www.zav-rt-tue.de\/index.php?rest_route=%2Fwp%2Fv2%2Fcomments&post=45"}],"version-history":[{"count":53,"href":"https:\/\/www.zav-rt-tue.de\/index.php?rest_route=\/wp\/v2\/pages\/45\/revisions"}],"predecessor-version":[{"id":3840,"href":"https:\/\/www.zav-rt-tue.de\/index.php?rest_route=\/wp\/v2\/pages\/45\/revisions\/3840"}],"wp:attachment":[{"href":"https:\/\/www.zav-rt-tue.de\/index.php?rest_route=%2Fwp%2Fv2%2Fmedia&parent=45"}],"curies":[{"name":"wp","href":"https:\/\/api.w.org\/{rel}","templated":true}]}}