{"id":6,"date":"2018-04-16T14:56:14","date_gmt":"2018-04-16T12:56:14","guid":{"rendered":"https:\/\/www.zav-rt-tue.de\/?page_id=6"},"modified":"2026-05-06T09:44:19","modified_gmt":"2026-05-06T07:44:19","slug":"zweckverband-abfallverwertung-reutlingen-tuebingen","status":"publish","type":"page","link":"https:\/\/www.zav-rt-tue.de\/","title":{"rendered":"Zweckverband Abfallverwertung Reutlingen T\u00fcbingen"},"content":{"rendered":"<p>[et_pb_section fb_built=&#8220;1&#8243; _builder_version=&#8220;4.27.4&#8243; _module_preset=&#8220;default&#8220; custom_padding=&#8220;0px||0px||true|&#8220; global_colors_info=&#8220;{}&#8220;][et_pb_row _builder_version=&#8220;4.27.4&#8243; _module_preset=&#8220;default&#8220; width=&#8220;100%&#8220; max_width=&#8220;100%&#8220; custom_padding=&#8220;0px|||||&#8220; global_colors_info=&#8220;{}&#8220;][et_pb_column type=&#8220;4_4&#8243; _builder_version=&#8220;4.27.4&#8243; _module_preset=&#8220;default&#8220; global_colors_info=&#8220;{}&#8220;][et_pb_image src=&#8220;https:\/\/www.zav-rt-tue.de\/wp-content\/uploads\/2019\/11\/Startseite.jpg&#8220; alt=&#8220;Entsorgungszentrum des Zweckverbands Abfallverwertung Reutlingen\/T\u00fcbingen&#8220; title_text=&#8220;Startseite&#8220; force_fullwidth=&#8220;on&#8220; _builder_version=&#8220;4.27.4&#8243; _module_preset=&#8220;default&#8220; global_colors_info=&#8220;{}&#8220;][\/et_pb_image][\/et_pb_column][\/et_pb_row][\/et_pb_section][et_pb_section fb_built=&#8220;1&#8243; admin_label=&#8220;section&#8220; _builder_version=&#8220;4.16&#8243; custom_padding=&#8220;54px|0|0|0px|false|false&#8220; global_colors_info=&#8220;{}&#8220;][et_pb_row admin_label=&#8220;row&#8220; _builder_version=&#8220;4.16&#8243; background_size=&#8220;initial&#8220; background_position=&#8220;top_left&#8220; background_repeat=&#8220;repeat&#8220; custom_padding=&#8220;27px|0px|27px|0|false|false&#8220; global_colors_info=&#8220;{}&#8220;][et_pb_column type=&#8220;4_4&#8243; _builder_version=&#8220;4.16&#8243; custom_padding=&#8220;|||&#8220; global_colors_info=&#8220;{}&#8220; custom_padding__hover=&#8220;|||&#8220;][et_pb_text admin_label=&#8220;Text&#8220; _builder_version=&#8220;4.27.4&#8243; background_size=&#8220;initial&#8220; background_position=&#8220;top_left&#8220; background_repeat=&#8220;repeat&#8220; custom_padding=&#8220;4px|||||&#8220; global_colors_info=&#8220;{}&#8220;]<\/p>\n<h1>Zweckverband Abfallverwertung Reutlingen\/T\u00fcbingen<\/h1>\n<p>&nbsp;<\/p>\n<h2><strong>Herzlich Willkommen<\/strong> <strong>beim ZAV! <\/strong><\/h2>\n<p><span style=\"font-size: medium;\">Wir freuen uns, dass Ihnen umweltgerechte Verwertung und Entsorgung von Abf\u00e4llen und Wertstoffen ein wichtiges Anliegen sind. Gerne unterst\u00fctzen wir Sie in Sachen Umweltschutz. <br \/>Wenn Sie Fragen haben, klicken Sie durch unsere Seiten oder rufen Sie an.<\/span><\/p>\n<p>[\/et_pb_text][\/et_pb_column][\/et_pb_row][et_pb_row admin_label=&#8220;row&#8220; _builder_version=&#8220;4.16&#8243; background_size=&#8220;initial&#8220; background_position=&#8220;top_left&#8220; background_repeat=&#8220;repeat&#8220; custom_padding=&#8220;27px|0px|5px|0|false|false&#8220; global_colors_info=&#8220;{}&#8220;][et_pb_column type=&#8220;4_4&#8243; _builder_version=&#8220;4.16&#8243; custom_padding=&#8220;|||&#8220; global_colors_info=&#8220;{}&#8220; custom_padding__hover=&#8220;|||&#8220;][et_pb_text admin_label=&#8220;Text&#8220; _builder_version=&#8220;4.27.4&#8243; background_size=&#8220;initial&#8220; background_position=&#8220;top_left&#8220; background_repeat=&#8220;repeat&#8220; min_height=&#8220;14px&#8220; custom_padding=&#8220;0px|||||&#8220; global_colors_info=&#8220;{}&#8220;]<\/p>\n<h3>So finden Sie uns<\/h3>\n<p>[\/et_pb_text][\/et_pb_column][\/et_pb_row][et_pb_row column_structure=&#8220;1_3,1_3,1_3&#8243; _builder_version=&#8220;4.27.4&#8243; min_height=&#8220;636.7px&#8220; global_colors_info=&#8220;{}&#8220;][et_pb_column type=&#8220;1_3&#8243; _builder_version=&#8220;4.16&#8243; custom_padding=&#8220;|||&#8220; global_colors_info=&#8220;{}&#8220; custom_padding__hover=&#8220;|||&#8220;][et_pb_blurb title=&#8220;Du\u00dflingen&#8220; _builder_version=&#8220;4.16&#8243; global_colors_info=&#8220;{}&#8220;][\/et_pb_blurb][et_pb_code _builder_version=&#8220;4.27.4&#8243; global_colors_info=&#8220;{}&#8220;]<div class=\"BorlabsCookie _brlbs-cb-googlemaps\"><div class=\"_brlbs-content-blocker\"> <div class=\"_brlbs-embed _brlbs-google-maps\"> <img class=\"_brlbs-thumbnail\" src=\"https:\/\/www.zav-rt-tue.de\/wp-content\/plugins\/borlabs-cookie\/assets\/images\/cb-maps.png\" alt=\"Google Maps\"> <div class=\"_brlbs-caption\"> <p>Mit dem Laden der Karte akzeptieren Sie die Datenschutzerkl\u00e4rung von Google.<br><a href=\"https:\/\/policies.google.com\/privacy\" target=\"_blank\" rel=\"nofollow noopener noreferrer\">Mehr erfahren<\/a><\/p> <p><a class=\"_brlbs-btn\" href=\"#\" data-borlabs-cookie-unblock role=\"button\">Karte laden<\/a><\/p> <p><label><input type=\"checkbox\" name=\"unblockAll\" value=\"1\" checked> <small>Google Maps immer entsperren<\/small><\/label><\/p> <\/div> <\/div> <\/div><div class=\"borlabs-hide\" data-borlabs-cookie-type=\"content-blocker\" data-borlabs-cookie-id=\"googlemaps\"><script type=\"text\/template\">PGlmcmFtZSB3aWR0aD0iMjUwIiBoZWlnaHQ9IjI1MCIgaWQ9ImdtYXBfY2FudmFzIiB0aXRsZT0iS2FydGU6IFN0YW5kb3J0IER1c3NsaW5nZW4ic3JjPSJodHRwczovL21hcHMuZ29vZ2xlLmNvbS9tYXBzP3E9WmF2JTIwZHVzc2xpbmdlbiYjMDM4O3Q9JiMwMzg7ej0xMyYjMDM4O2llPVVURjgmIzAzODtpd2xvYz0mIzAzODtvdXRwdXQ9ZW1iZWQiIGZyYW1lYm9yZGVyPSIwIiBzY3JvbGxpbmc9Im5vIiBtYXJnaW5oZWlnaHQ9IjAiIG1hcmdpbndpZHRoPSIwIj48L2lmcmFtZT4=<\/script><\/div><\/div>[\/et_pb_code][et_pb_blurb _builder_version=&#8220;4.16&#8243; custom_padding=&#8220;0px|||||&#8220; global_colors_info=&#8220;{}&#8220;]<\/p>\n<p>Entsorgungszentrum Du\u00dflingen<\/p>\n<p><span><\/span><em><span>Im Steinig 61<\/span><\/em><\/p>\n<p>72144 Du\u00dflingen<\/p>\n<p>Tel.: 07072\/9188 50<\/p>\n<p>&nbsp;<\/p>\n<p>[\/et_pb_blurb][et_pb_text _builder_version=&#8220;4.27.4&#8243; _module_preset=&#8220;default&#8220; min_height=&#8220;5.6px&#8220; global_colors_info=&#8220;{}&#8220;]<\/p>\n<p class=\"p1\"><a href=\"https:\/\/maps.app.goo.gl\/tqEUc29c561Pbr5w7\" target=\"_blank\" rel=\"noopener\">Karte in Google Maps \u00f6ffnen (externer Link)<\/a><\/p>\n<p>&nbsp;<\/p>\n<p>[\/et_pb_text][\/et_pb_column][et_pb_column type=&#8220;1_3&#8243; _builder_version=&#8220;4.16&#8243; custom_padding=&#8220;|||&#8220; global_colors_info=&#8220;{}&#8220; custom_padding__hover=&#8220;|||&#8220;][et_pb_blurb title=&#8220;Reutlingen&#8220; _builder_version=&#8220;4.16&#8243; global_colors_info=&#8220;{}&#8220;][\/et_pb_blurb][et_pb_code _builder_version=&#8220;4.27.4&#8243; global_colors_info=&#8220;{}&#8220;]<div class=\"BorlabsCookie _brlbs-cb-googlemaps\"><div class=\"_brlbs-content-blocker\"> <div class=\"_brlbs-embed _brlbs-google-maps\"> <img class=\"_brlbs-thumbnail\" src=\"https:\/\/www.zav-rt-tue.de\/wp-content\/plugins\/borlabs-cookie\/assets\/images\/cb-maps.png\" alt=\"Google Maps\"> <div class=\"_brlbs-caption\"> <p>Mit dem Laden der Karte akzeptieren Sie die Datenschutzerkl\u00e4rung von Google.<br><a href=\"https:\/\/policies.google.com\/privacy\" target=\"_blank\" rel=\"nofollow noopener noreferrer\">Mehr erfahren<\/a><\/p> <p><a class=\"_brlbs-btn\" href=\"#\" data-borlabs-cookie-unblock role=\"button\">Karte laden<\/a><\/p> <p><label><input type=\"checkbox\" name=\"unblockAll\" value=\"1\" checked> <small>Google Maps immer entsperren<\/small><\/label><\/p> <\/div> <\/div> <\/div><div class=\"borlabs-hide\" data-borlabs-cookie-type=\"content-blocker\" data-borlabs-cookie-id=\"googlemaps\"><script type=\"text\/template\">PGlmcmFtZSBsb2FkaW5nPSJsYXp5IiB3aWR0aD0iMjUwIiBoZWlnaHQ9IjI1MCIgaWQ9ImdtYXBfY2FudmFzIiB0aXRsZT0iS2FydGU6IFN0YW5kb3J0IFJldXRsaW5nZW4gU2NoaW5kZXJ0ZWljaCIgc3JjPSJodHRwczovL21hcHMuZ29vZ2xlLmNvbS9tYXBzP3E9V2VydHN0b2ZmaG9mJTIwU2NoaW5kZXJ0ZWljaCUyQyUyMFJldXRsaW5nZW4mIzAzODt0PSYjMDM4O3o9MTMmIzAzODtpZT1VVEY4JiMwMzg7aXdsb2M9JiMwMzg7b3V0cHV0PWVtYmVkIiBmcmFtZWJvcmRlcj0iMCIgc2Nyb2xsaW5nPSJubyIgbWFyZ2luaGVpZ2h0PSIwIiBtYXJnaW53aWR0aD0iMCI+PC9pZnJhbWU+<\/script><\/div><\/div>[\/et_pb_code][et_pb_blurb _builder_version=&#8220;4.16&#8243; global_colors_info=&#8220;{}&#8220;]<\/p>\n<p>Wertstoffhof Schinderteich, Reutlingen<\/p>\n<p><span><\/span><span>Schinderteich 1 (an der L383)<\/span><\/p>\n<p>72770 Reutlingen<\/p>\n<p>Tel.: 07121\/3559993<\/p>\n<p>&nbsp;<\/p>\n<p>[\/et_pb_blurb][et_pb_text _builder_version=&#8220;4.27.4&#8243; _module_preset=&#8220;default&#8220; global_colors_info=&#8220;{}&#8220;]<\/p>\n<p><a href=\"https:\/\/maps.app.goo.gl\/gHi8Anw7pUUfZPXF6\" target=\"_blank\" rel=\"noopener\">Karte in Google Maps \u00f6ffnen (externer Link)<\/a><\/p>\n<p>[\/et_pb_text][\/et_pb_column][et_pb_column type=&#8220;1_3&#8243; _builder_version=&#8220;4.16&#8243; custom_padding=&#8220;|||&#8220; global_colors_info=&#8220;{}&#8220; custom_padding__hover=&#8220;|||&#8220;][et_pb_blurb title=&#8220;Unsere \u00d6ffnungszeiten&#8220; content_max_width=&#8220;1100px&#8220; _builder_version=&#8220;4.27.4&#8243; _dynamic_attributes=&#8220;link_option_url&#8220; min_height=&#8220;98px&#8220; custom_margin=&#8220;||&#8220; custom_padding=&#8220;0px||0px|30px||&#8220; link_option_url=&#8220;@ET-DC@eyJkeW5hbWljIjp0cnVlLCJjb250ZW50IjoicG9zdF9saW5rX3VybF9hdHRhY2htZW50Iiwic2V0dGluZ3MiOnsicG9zdF9pZCI6IjM2NTUifX0=@&#8220; border_width_left=&#8220;4px&#8220; global_colors_info=&#8220;{}&#8220;]<\/p>\n<p><em style=\"font-size: 14px;\">Mo. &#8211; Fr. 07:00 \u2013 16:45 Uhr<\/em><\/p>\n<p><em style=\"font-size: 14px;\">Sa. 08:00 \u2013 11:45 Uhr<\/em><\/p>\n<p><strong>Unsere telefonischen Sprechzeiten<\/strong><em style=\"font-size: 14px;\"><\/em><\/p>\n<p><em>Mo. &#8211; Fr. 08:00 &#8211; 12:00 Uhr<\/em><\/p>\n<p><em>Di. 14:00 &#8211; 16:00 Uhr<\/em><\/p>\n<p><em style=\"font-size: 14px;\"><\/em><\/p>\n<p>[\/et_pb_blurb][et_pb_blurb title=&#8220;Aktuelle Meldungen&#8220; content_max_width=&#8220;1100px&#8220; _builder_version=&#8220;4.27.6&#8243; min_height=&#8220;17px&#8220; custom_margin=&#8220;||29px|||&#8220; custom_padding=&#8220;0px||0px|30px||&#8220; border_width_left=&#8220;4px&#8220; global_colors_info=&#8220;{}&#8220;]<\/p>\n<p>&nbsp;<\/p>\n<ul>\n<li><a href=\"https:\/\/www.zav-rt-tue.de\/wp-content\/uploads\/2026\/03\/Kunststoff-Sammlung-Dusslingen_PM21112022.pdf\" rel=\"attachment noopener wp-att-2989\" target=\"_blank\">Kunststoff-Sammlung-Du\u00dflingen<\/a><\/li>\n<\/ul>\n<p>[\/et_pb_blurb][et_pb_blurb content_max_width=&#8220;1100px&#8220; _builder_version=&#8220;4.27.5&#8243; min_height=&#8220;17px&#8220; custom_margin=&#8220;||29px|||&#8220; custom_padding=&#8220;0px|0px|0px|30px||&#8220; border_width_left=&#8220;4px&#8220; global_colors_info=&#8220;{}&#8220;]<\/p>\n<h4><span style=\"color: #ff0000;\">\u00c4nderung der \u00d6ffnungszeiten<\/span><\/h4>\n<ul>\n<li>Die <span style=\"text-decoration: underline;\"><span style=\"color: #e02b20; text-decoration: underline;\"><strong>Deponie T\u00fcbingen-Schinderklinge<\/strong><\/span><\/span> ist am 15.05.2026 und 05.06.2026 geschlossen.<\/li>\n<\/ul>\n<p>[\/et_pb_blurb][\/et_pb_column][\/et_pb_row][et_pb_row column_structure=&#8220;1_2,1_2&#8243; _builder_version=&#8220;4.16&#8243; _module_preset=&#8220;default&#8220; global_colors_info=&#8220;{}&#8220;][et_pb_column type=&#8220;1_2&#8243; _builder_version=&#8220;4.16&#8243; _module_preset=&#8220;default&#8220; global_colors_info=&#8220;{}&#8220;][et_pb_text admin_label=&#8220;Text&#8220; _builder_version=&#8220;4.27.4&#8243; background_size=&#8220;initial&#8220; background_position=&#8220;top_left&#8220; background_repeat=&#8220;repeat&#8220; min_height=&#8220;40px&#8220; custom_margin=&#8220;2px|||||&#8220; custom_padding=&#8220;19px||1px|||&#8220; global_colors_info=&#8220;{}&#8220;]<\/p>\n<h3>So beladen Sie ihr Fahrzeug richtig:<\/h3>\n<p>[\/et_pb_text][et_pb_code _builder_version=&#8220;4.27.4&#8243; _module_preset=&#8220;default&#8220; global_colors_info=&#8220;{}&#8220;]<div class=\"BorlabsCookie _brlbs-cb-youtube\"><div class=\"_brlbs-content-blocker\"> <div class=\"_brlbs-embed _brlbs-video-youtube\"> <img class=\"_brlbs-thumbnail\" src=\"https:\/\/www.zav-rt-tue.de\/wp-content\/plugins\/borlabs-cookie\/assets\/images\/cb-no-thumbnail.png\" alt=\"YouTube\"> <div class=\"_brlbs-caption\"> <p>Mit dem Laden des Videos akzeptieren Sie die Datenschutzerkl\u00e4rung von YouTube.<br><a href=\"https:\/\/policies.google.com\/privacy\" target=\"_blank\" rel=\"nofollow noopener noreferrer\">Mehr erfahren<\/a><\/p> <p><a class=\"_brlbs-btn _brlbs-icon-play-white\" href=\"#\" data-borlabs-cookie-unblock role=\"button\">Video laden<\/a><\/p> <p><label><input type=\"checkbox\" name=\"unblockAll\" value=\"1\" checked> <small>YouTube immer entsperren<\/small><\/label><\/p> <\/div> <\/div> <\/div><div class=\"borlabs-hide\" data-borlabs-cookie-type=\"content-blocker\" data-borlabs-cookie-id=\"youtube\"><script type=\"text\/template\">PGlmcmFtZSBsb2FkaW5nPSJsYXp5IiB3aWR0aD0iNTYwIiBoZWlnaHQ9IjMxNSIgc3JjPSJodHRwczovL3d3dy55b3V0dWJlLW5vY29va2llLmNvbS9lbWJlZC95SUhPUVd0MF9nUSIgdGl0bGU9IlZpZGVvOiBTbyBiZWxhZGVuIFNpZSBJaHIgRmFocnpldWcgcmljaHRpZyIgZnJhbWVib3JkZXI9IjAiIGFsbG93PSJhY2NlbGVyb21ldGVyOyBhdXRvcGxheTsgY2xpcGJvYXJkLXdyaXRlOyBlbmNyeXB0ZWQtbWVkaWE7IGd5cm9zY29wZTsgcGljdHVyZS1pbi1waWN0dXJlIiBhbGxvd2Z1bGxzY3JlZW4+PC9pZnJhbWU+<\/script><\/div><\/div>[\/et_pb_code][et_pb_text _builder_version=&#8220;4.27.4&#8243; _module_preset=&#8220;default&#8220; global_colors_info=&#8220;{}&#8220;]<\/p>\n<p><a href=\"https:\/\/youtu.be\/yIHOQWt0_gQ?si=bpAxXciJt6ID-u12\" target=\"_blank\" rel=\"noopener\">Video auf YouTube ansehen (externer Link)<\/a><\/p>\n<p>&nbsp;<\/p>\n<p>[\/et_pb_text][\/et_pb_column][et_pb_column type=&#8220;1_2&#8243; _builder_version=&#8220;4.16&#8243; _module_preset=&#8220;default&#8220; global_colors_info=&#8220;{}&#8220;][et_pb_text admin_label=&#8220;Text&#8220; _builder_version=&#8220;4.16&#8243; background_size=&#8220;initial&#8220; background_position=&#8220;top_left&#8220; background_repeat=&#8220;repeat&#8220; min_height=&#8220;11px&#8220; custom_padding=&#8220;21px||0px|||&#8220; global_colors_info=&#8220;{}&#8220;]<\/p>\n<h3>Unsere Kategorien:<\/h3>\n<p>[\/et_pb_text][et_pb_code _builder_version=&#8220;4.27.4&#8243; _module_preset=&#8220;default&#8220; custom_padding=&#8220;||3px|||&#8220; global_colors_info=&#8220;{}&#8220;]<div class=\"BorlabsCookie _brlbs-cb-youtube\"><div class=\"_brlbs-content-blocker\"> <div class=\"_brlbs-embed _brlbs-video-youtube\"> <img class=\"_brlbs-thumbnail\" src=\"https:\/\/www.zav-rt-tue.de\/wp-content\/plugins\/borlabs-cookie\/assets\/images\/cb-no-thumbnail.png\" alt=\"YouTube\"> <div class=\"_brlbs-caption\"> <p>Mit dem Laden des Videos akzeptieren Sie die Datenschutzerkl\u00e4rung von YouTube.<br><a href=\"https:\/\/policies.google.com\/privacy\" target=\"_blank\" rel=\"nofollow noopener noreferrer\">Mehr erfahren<\/a><\/p> <p><a class=\"_brlbs-btn _brlbs-icon-play-white\" href=\"#\" data-borlabs-cookie-unblock role=\"button\">Video laden<\/a><\/p> <p><label><input type=\"checkbox\" name=\"unblockAll\" value=\"1\" checked> <small>YouTube immer entsperren<\/small><\/label><\/p> <\/div> <\/div> <\/div><div class=\"borlabs-hide\" data-borlabs-cookie-type=\"content-blocker\" data-borlabs-cookie-id=\"youtube\"><script type=\"text\/template\">PGlmcmFtZSBsb2FkaW5nPSJsYXp5IiB3aWR0aD0iNTYwIiBoZWlnaHQ9IjMxNSIgc3JjPSJodHRwczovL3d3dy55b3V0dWJlLW5vY29va2llLmNvbS9lbWJlZC9PbzY1YXVvaGxWVSIgdGl0bGU9IlZpZGVvOiBVbnNlcmUgS2F0ZWdvcmllbiIgZnJhbWVib3JkZXI9IjAiIGFsbG93PSJhY2NlbGVyb21ldGVyOyBhdXRvcGxheTsgY2xpcGJvYXJkLXdyaXRlOyBlbmNyeXB0ZWQtbWVkaWE7IGd5cm9zY29wZTsgcGljdHVyZS1pbi1waWN0dXJlIiBhbGxvd2Z1bGxzY3JlZW4+PC9pZnJhbWU+<\/script><\/div><\/div>[\/et_pb_code][et_pb_text _builder_version=&#8220;4.27.4&#8243; _module_preset=&#8220;default&#8220; global_colors_info=&#8220;{}&#8220;]<\/p>\n<p><a href=\"https:\/\/www.youtube.com\/watch?v=Oo65auohlVU\" target=\"_blank\" rel=\"noopener\">Video auf YouTube ansehen (externer Link)<\/a><\/p>\n<p>[\/et_pb_text][\/et_pb_column][\/et_pb_row][et_pb_row admin_label=&#8220;row&#8220; _builder_version=&#8220;4.16&#8243; background_size=&#8220;initial&#8220; background_position=&#8220;top_left&#8220; background_repeat=&#8220;repeat&#8220; custom_padding=&#8220;27px|0px|27px|0|false|false&#8220; global_colors_info=&#8220;{}&#8220;][et_pb_column type=&#8220;4_4&#8243; _builder_version=&#8220;4.16&#8243; custom_padding=&#8220;|||&#8220; global_colors_info=&#8220;{}&#8220; custom_padding__hover=&#8220;|||&#8220;][et_pb_text admin_label=&#8220;Text&#8220; _builder_version=&#8220;4.27.4&#8243; background_size=&#8220;initial&#8220; background_position=&#8220;top_left&#8220; background_repeat=&#8220;repeat&#8220; global_colors_info=&#8220;{}&#8220;]<\/p>\n<h3>Sie haben weitere Fragen?<\/h3>\n<p><span style=\"font-size: large;\"><a href=\"https:\/\/www.zav-rt-tue.de\/?page_id=282\">Hier finden Sie die am h\u00e4ufigsten gestellten Fragen.<\/a><\/span><\/p>\n<p><span style=\"font-size: large;\"><\/span><\/p>\n<p><span style=\"font-size: large;\"><\/span><\/p>\n<p><span style=\"font-size: large;\"><\/span><\/p>\n<p>[\/et_pb_text][\/et_pb_column][\/et_pb_row][\/et_pb_section]<\/p>\n","protected":false},"excerpt":{"rendered":"<p>Zweckverband Abfallverwertung Reutlingen\/T\u00fcbingen &nbsp; Herzlich Willkommen beim ZAV! Wir freuen uns, dass Ihnen umweltgerechte Verwertung und Entsorgung von Abf\u00e4llen und Wertstoffen ein wichtiges Anliegen sind. Gerne unterst\u00fctzen wir Sie in Sachen Umweltschutz. Wenn Sie Fragen haben, klicken Sie durch unsere Seiten oder rufen Sie an.So finden Sie unsEntsorgungszentrum Du\u00dflingen Im Steinig 61 72144 Du\u00dflingen Tel.: [&hellip;]<\/p>\n","protected":false},"author":3,"featured_media":0,"parent":0,"menu_order":0,"comment_status":"closed","ping_status":"closed","template":"","meta":{"_et_pb_use_builder":"on","_et_pb_old_content":"[vc_row][vc_column width=\"2\/3\"][ultimate_spacer height=\"20\"][vc_custom_heading text=\"Zweckverband Abfallverwertung Reutlingen T\u00fcbingen\" font_container=\"tag:h1|text_align:left\" use_theme_fonts=\"yes\"][vc_column_text]Einleitungstext[\/vc_column_text][\/vc_column][vc_column width=\"1\/3\" css=\".vc_custom_1524945446436{margin: 1px !important;border-width: 1px !important;padding: 1px !important;border-radius: 1px !important;}\"][ultimate_spacer height=\"30\"][vc_custom_heading text=\"Wichtige Mitteilungen:\" font_container=\"tag:h4|text_align:left|color:%23dd3333\" use_theme_fonts=\"yes\"][vc_column_text]\n<p class=\"bodytext\"><b>Die Problemstoffsammelstelle in Kirchentellinsfurt hat neue \u00d6ffnungszeiten!\nDie Sammelstelle ist freitags von 17:00 - 18:00 Uhr ge\u00f6ffnet!<\/b><\/p>\n<p class=\"bodytext\">Die Problemstoffsammelstelle in Neustetten-Remmingsheim ist bis einschlie\u00dflich 02. Mai geschlossen.<\/p>\n<p class=\"bodytext\">Die Problemstoffsammelstelle in Gomaringen ist am 28. April geschlossen.<\/p>\n<p class=\"bodytext\"><b>Das Abstellen von M\u00fcll und Schadstoffen an den geschlossenen Sammelstellen ist ausdr\u00fccklich verboten!!<\/b><\/p>\n[\/vc_column_text][\/vc_column][\/vc_row]","_et_gb_content_width":"","footnotes":""},"class_list":["post-6","page","type-page","status-publish","hentry"],"_links":{"self":[{"href":"https:\/\/www.zav-rt-tue.de\/index.php?rest_route=\/wp\/v2\/pages\/6","targetHints":{"allow":["GET"]}}],"collection":[{"href":"https:\/\/www.zav-rt-tue.de\/index.php?rest_route=\/wp\/v2\/pages"}],"about":[{"href":"https:\/\/www.zav-rt-tue.de\/index.php?rest_route=\/wp\/v2\/types\/page"}],"author":[{"embeddable":true,"href":"https:\/\/www.zav-rt-tue.de\/index.php?rest_route=\/wp\/v2\/users\/3"}],"replies":[{"embeddable":true,"href":"https:\/\/www.zav-rt-tue.de\/index.php?rest_route=%2Fwp%2Fv2%2Fcomments&post=6"}],"version-history":[{"count":532,"href":"https:\/\/www.zav-rt-tue.de\/index.php?rest_route=\/wp\/v2\/pages\/6\/revisions"}],"predecessor-version":[{"id":3938,"href":"https:\/\/www.zav-rt-tue.de\/index.php?rest_route=\/wp\/v2\/pages\/6\/revisions\/3938"}],"wp:attachment":[{"href":"https:\/\/www.zav-rt-tue.de\/index.php?rest_route=%2Fwp%2Fv2%2Fmedia&parent=6"}],"curies":[{"name":"wp","href":"https:\/\/api.w.org\/{rel}","templated":true}]}}